{"id":5768,"date":"2025-01-30T08:44:31","date_gmt":"2025-01-30T08:44:31","guid":{"rendered":"https:\/\/ctfrimorchi.it\/technologies-et-produits\/remorque-pour-jet-ski\/"},"modified":"2025-03-04T16:47:12","modified_gmt":"2025-03-04T16:47:12","slug":"remorque-pour-jet-ski","status":"publish","type":"page","link":"https:\/\/ctfrimorchi.it\/fr\/technologies-et-produits\/remorque-pour-jet-ski\/","title":{"rendered":"Remorque pour jet ski"},"content":{"rendered":"<p>[et_pb_section fb_built=\u00a0\u00bb1&Prime; _builder_version=\u00a0\u00bb4.27.4&Prime; _module_preset=\u00a0\u00bbdefault\u00a0\u00bb background_color=\u00a0\u00bbrgba(0,0,0,0.5)\u00a0\u00bb background_image=\u00a0\u00bbhttps:\/\/www.ctfrimorchi.it\/wp-content\/uploads\/2025\/01\/CTF-Rimorchi-bkg-generico-1.webp\u00a0\u00bb background_blend=\u00a0\u00bbmultiply\u00a0\u00bb custom_padding=\u00a0\u00bb10vw||0px||false|false\u00a0\u00bb global_colors_info=\u00a0\u00bb{}\u00a0\u00bb][et_pb_row custom_padding_last_edited=\u00a0\u00bboff|desktop\u00a0\u00bb _builder_version=\u00a0\u00bb4.27.4&Prime; _module_preset=\u00a0\u00bbdefault\u00a0\u00bb background_image=\u00a0\u00bbhttps:\/\/www.ctfrimorchi.it\/wp-content\/uploads\/2025\/01\/CTF-Rimorchi-Arrow-element-long-1.webp\u00a0\u00bb background_position=\u00a0\u00bbcenter_right\u00a0\u00bb module_alignment=\u00a0\u00bbcenter\u00a0\u00bb overflow-x=\u00a0\u00bbvisible\u00a0\u00bb overflow-y=\u00a0\u00bbvisible\u00a0\u00bb module_alignment_tablet=\u00a0\u00bbcenter\u00a0\u00bb module_alignment_phone=\u00a0\u00bbcenter\u00a0\u00bb module_alignment_last_edited=\u00a0\u00bboff|desktop\u00a0\u00bb box_shadow_style=\u00a0\u00bbpreset4&Prime; box_shadow_horizontal=\u00a0\u00bb-30vw\u00a0\u00bb box_shadow_vertical=\u00a0\u00bb0px\u00a0\u00bb box_shadow_color=\u00a0\u00bbgcid-primary-color\u00a0\u00bb locked=\u00a0\u00bboff\u00a0\u00bb global_colors_info=\u00a0\u00bb{%22gcid-primary-color%22:%91%22box_shadow_color%22%93,%22gcid-secondary-color%22:%91%22background_color%22%93}\u00a0\u00bb][et_pb_column type=\u00a0\u00bb4_4&Prime; _builder_version=\u00a0\u00bb4.27.4&Prime; _module_preset=\u00a0\u00bbdefault\u00a0\u00bb global_colors_info=\u00a0\u00bb{}\u00a0\u00bb][et_pb_heading title=\u00a0\u00bb@ET-DC@eyJkeW5hbWljIjp0cnVlLCJjb250ZW50IjoicG9zdF90aXRsZSIsInNldHRpbmdzIjp7ImJlZm9yZSI6IiIsImFmdGVyIjoiIn19@\u00a0\u00bb _builder_version=\u00a0\u00bb4.27.4&Prime; _dynamic_attributes=\u00a0\u00bbtitle\u00a0\u00bb _module_preset=\u00a0\u00bbdefault\u00a0\u00bb title_text_color=\u00a0\u00bb#FFFFFF\u00a0\u00bb global_colors_info=\u00a0\u00bb{}\u00a0\u00bb][\/et_pb_heading][\/et_pb_column][\/et_pb_row][\/et_pb_section][et_pb_section fb_built=\u00a0\u00bb1&Prime; _builder_version=\u00a0\u00bb4.27.4&Prime; _module_preset=\u00a0\u00bbdefault\u00a0\u00bb background_color=\u00a0\u00bbgcid-0ada495c-41ff-4e72-8e51-105e45757a58&Prime; border_width_bottom=\u00a0\u00bb4px\u00a0\u00bb border_color_bottom=\u00a0\u00bbgcid-primary-color\u00a0\u00bb global_colors_info=\u00a0\u00bb{%22gcid-primary-color%22:%91%22border_color_bottom%22%93,%22gcid-0ada495c-41ff-4e72-8e51-105e45757a58%22:%91%22background_color%22%93}\u00a0\u00bb][et_pb_row _builder_version=\u00a0\u00bb4.27.4&Prime; _module_preset=\u00a0\u00bbdefault\u00a0\u00bb global_colors_info=\u00a0\u00bb{}\u00a0\u00bb][et_pb_column type=\u00a0\u00bb4_4&Prime; _builder_version=\u00a0\u00bb4.27.4&Prime; _module_preset=\u00a0\u00bbdefault\u00a0\u00bb global_colors_info=\u00a0\u00bb{}\u00a0\u00bb][et_pb_image src=\u00a0\u00bbhttps:\/\/ctfrimorchi.it\/wp-content\/uploads\/2025\/03\/CTF-Rimorchi-Rimorchio-moto-dacqua-no-bkg-02.webp\u00a0\u00bb align=\u00a0\u00bbcenter\u00a0\u00bb force_fullwidth=\u00a0\u00bbon\u00a0\u00bb _builder_version=\u00a0\u00bb4.27.4&Prime; _module_preset=\u00a0\u00bbdefault\u00a0\u00bb global_colors_info=\u00a0\u00bb{%22gcid-primary-color%22:%91%22border_color_bottom%22%93}\u00a0\u00bb][\/et_pb_image][\/et_pb_column][\/et_pb_row][\/et_pb_section][et_pb_section fb_built=\u00a0\u00bb1&Prime; _builder_version=\u00a0\u00bb4.27.4&Prime; _module_preset=\u00a0\u00bbdefault\u00a0\u00bb global_colors_info=\u00a0\u00bb{}\u00a0\u00bb][et_pb_row _builder_version=\u00a0\u00bb4.27.4&Prime; _module_preset=\u00a0\u00bbdefault\u00a0\u00bb global_colors_info=\u00a0\u00bb{}\u00a0\u00bb][et_pb_column type=\u00a0\u00bb4_4&Prime; _builder_version=\u00a0\u00bb4.27.4&Prime; _module_preset=\u00a0\u00bbdefault\u00a0\u00bb global_colors_info=\u00a0\u00bb{}\u00a0\u00bb][et_pb_text _builder_version=\u00a0\u00bb4.27.4&Prime; _module_preset=\u00a0\u00bbdefault\u00a0\u00bb global_colors_info=\u00a0\u00bb{}\u00a0\u00bb]<\/p>\n<div style=\"overflow-x: auto;\">\n<table id=\"customers\">\n<tbody>\n<tr>\n<th>Mod\u00e8le<\/th>\n<th>Charge totale<\/th>\n<th>Charge utile<\/th>\n<th>Des d\u00e9gradations en quintaux<\/th>\n<th>Roues<\/th>\n<th>Freins<\/th>\n<th>Dimensions du cadre <\/th>\n<th>Longueur du dernier rouleau <\/th>\n<th>Longueur<\/th>\n<th>Longueur du bateau*. <\/th>\n<th><\/th>\n<\/tr>\n<tr>\n<td rowspan=\"1\" colspan=\"11\" style=\"text-align: center;\"><strong>Remorques pour jet ski<\/strong><\/td>\n<\/tr>\n<tr>\n<td>PJ0751-45<\/td>\n<td>750<\/td>\n<td>600<\/td>\n<td>7-6,5-6-5,5-5-4,5<\/td>\n<td>155\/70 R13T<\/td>\n<td>NON<\/td>\n<td>80&#215;40<\/td>\n<td>4500<\/td>\n<td>1650<\/td>\n<td>jet<\/td>\n<td>rampes<\/td>\n<\/tr>\n<\/tbody>\n<\/table>\n<\/div>\n<p>[\/et_pb_text][\/et_pb_column][\/et_pb_row][\/et_pb_section][et_pb_section fb_built=\u00a0\u00bb1&Prime; _builder_version=\u00a0\u00bb4.27.4&Prime; _module_preset=\u00a0\u00bbdefault\u00a0\u00bb background_color=\u00a0\u00bbgcid-0ada495c-41ff-4e72-8e51-105e45757a58&Prime; background_enable_image=\u00a0\u00bboff\u00a0\u00bb global_colors_info=\u00a0\u00bb{%22gcid-0ada495c-41ff-4e72-8e51-105e45757a58%22:%91%22background_color%22%93}\u00a0\u00bb][et_pb_row _builder_version=\u00a0\u00bb4.27.4&Prime; _module_preset=\u00a0\u00bbdefault\u00a0\u00bb global_colors_info=\u00a0\u00bb{}\u00a0\u00bb][et_pb_column type=\u00a0\u00bb4_4&Prime; _builder_version=\u00a0\u00bb4.27.4&Prime; _module_preset=\u00a0\u00bbdefault\u00a0\u00bb global_colors_info=\u00a0\u00bb{}\u00a0\u00bb][et_pb_heading title=\u00a0\u00bbAccessoires\u00a0\u00bb _builder_version=\u00a0\u00bb4.27.4&Prime; _module_preset=\u00a0\u00bbdefault\u00a0\u00bb title_level=\u00a0\u00bbh2&Prime; global_colors_info=\u00a0\u00bb{}\u00a0\u00bb][\/et_pb_heading][\/et_pb_column][\/et_pb_row][et_pb_row column_structure=\u00a0\u00bb1_3,1_3,1_3&Prime; _builder_version=\u00a0\u00bb4.27.4&Prime; _module_preset=\u00a0\u00bbdefault\u00a0\u00bb locked=\u00a0\u00bboff\u00a0\u00bb global_colors_info=\u00a0\u00bb{}\u00a0\u00bb][et_pb_column type=\u00a0\u00bb1_3&Prime; _builder_version=\u00a0\u00bb4.27.4&Prime; _module_preset=\u00a0\u00bbdefault\u00a0\u00bb global_colors_info=\u00a0\u00bb{}\u00a0\u00bb][et_pb_image src=\u00a0\u00bbhttps:\/\/www.ctfrimorchi.it\/wp-content\/uploads\/2025\/01\/CTF-Rimorchi-Rimorchi-triasse-Opzioni-Supporto-ruota-di-scorta.webp\u00a0\u00bb align=\u00a0\u00bbcenter\u00a0\u00bb force_fullwidth=\u00a0\u00bbon\u00a0\u00bb _builder_version=\u00a0\u00bb4.27.4&Prime; _module_preset=\u00a0\u00bbdefault\u00a0\u00bb border_width_all=\u00a0\u00bb1px\u00a0\u00bb border_color_all=\u00a0\u00bbrgba(0,0,0,0.2)\u00a0\u00bb border_width_bottom=\u00a0\u00bb4px\u00a0\u00bb border_color_bottom=\u00a0\u00bbgcid-primary-color\u00a0\u00bb global_colors_info=\u00a0\u00bb{%22gcid-primary-color%22:%91%22border_color_bottom%22%93}\u00a0\u00bb][\/et_pb_image][et_pb_text _builder_version=\u00a0\u00bb4.27.4&Prime; _module_preset=\u00a0\u00bbdefault\u00a0\u00bb text_font=\u00a0\u00bb|600|on||||||\u00a0\u00bb text_text_color=\u00a0\u00bbgcid-secondary-color\u00a0\u00bb global_colors_info=\u00a0\u00bb{%22gcid-secondary-color%22:%91%22text_text_color%22%93}\u00a0\u00bb]<\/p>\n<p>Support de roue de secours<\/p>\n<p>[\/et_pb_text][\/et_pb_column][et_pb_column type=\u00a0\u00bb1_3&Prime; _builder_version=\u00a0\u00bb4.27.4&Prime; _module_preset=\u00a0\u00bbdefault\u00a0\u00bb global_colors_info=\u00a0\u00bb{}\u00a0\u00bb][\/et_pb_column][et_pb_column type=\u00a0\u00bb1_3&Prime; _builder_version=\u00a0\u00bb4.27.4&Prime; _module_preset=\u00a0\u00bbdefault\u00a0\u00bb global_colors_info=\u00a0\u00bb{}\u00a0\u00bb][\/et_pb_column][\/et_pb_row][et_pb_row _builder_version=\u00a0\u00bb4.27.4&Prime; _module_preset=\u00a0\u00bbdefault\u00a0\u00bb global_colors_info=\u00a0\u00bb{}\u00a0\u00bb][et_pb_column type=\u00a0\u00bb4_4&Prime; _builder_version=\u00a0\u00bb4.27.4&Prime; _module_preset=\u00a0\u00bbdefault\u00a0\u00bb global_colors_info=\u00a0\u00bb{}\u00a0\u00bb][et_pb_text _builder_version=\u00a0\u00bb4.27.4&Prime; _module_preset=\u00a0\u00bbdefault\u00a0\u00bb global_colors_info=\u00a0\u00bb{}\u00a0\u00bb]<\/p>\n<div style=\"overflow-x: auto;\">\n<table id=\"customers\">\n<tbody>\n<tr>\n<td style=\"width: 20%;\">SR100408<\/td>\n<td style=\"width: 60%;\">SUPPORT DE ROUE DE SECOURS FIXATION 100 &#8211; DIMENSION CADRE 40X80<\/td>\n<\/tr>\n<\/tbody>\n<\/table>\n<\/div>\n<p>[\/et_pb_text][et_pb_text _builder_version=\u00a0\u00bb4.27.4&Prime; _module_preset=\u00a0\u00bbdefault\u00a0\u00bb global_colors_info=\u00a0\u00bb{}\u00a0\u00bb]<\/p>\n<div style=\"overflow-x: auto;\">\n<table id=\"customers\">\n<tbody>\n<tr>\n<td style=\"width: 20%;\">664200<\/td>\n<td style=\"width: 60%;\">ROUE 155\/70R13 4P30 57&#215;100<\/td>\n<\/tr>\n<\/tbody>\n<\/table>\n<\/div>\n<p>[\/et_pb_text][et_pb_text _builder_version=\u00a0\u00bb4.27.4&Prime; _module_preset=\u00a0\u00bbdefault\u00a0\u00bb global_colors_info=\u00a0\u00bb{}\u00a0\u00bb]<\/p>\n<div style=\"overflow-x: auto;\">\n<table id=\"customers\">\n<tbody><\/tbody>\n<tbody>\n<tr>\n<td style=\"width: 20%;\">RC50100<\/td>\n<td style=\"width: 60%;\">ROULEAU DE QUILLE X PROFOND V SUR TRAVERSE INCLINABLE<\/td>\n<\/tr>\n<\/tbody>\n<\/table>\n<\/div>\n<p>[\/et_pb_text][et_pb_text disabled_on=\u00a0\u00bbon|on|on\u00a0\u00bb _builder_version=\u00a0\u00bb4.27.4&Prime; _module_preset=\u00a0\u00bbdefault\u00a0\u00bb disabled=\u00a0\u00bbon\u00a0\u00bb global_colors_info=\u00a0\u00bb{}\u00a0\u00bb]<\/p>\n<div style=\"overflow-x: auto;\">\n<table id=\"customers\">\n<tbody>\n<tr>\n<td style=\"width: 20%;\">P25200<\/td>\n<td style=\"width: 60%;\">PASSERELLE 250X2000 COMPL\u00c8TE AVEC SUPPORTS POUR PB1001 &gt; 2312<\/td>\n<\/tr>\n<tr>\n<td>P35350<\/td>\n<td>PASSERELLE 350X3500 COMPL\u00c8TE AVEC SUPPORTS POUR PB2352 &gt; 3503<\/td>\n<\/tr>\n<\/tbody>\n<tbody><\/tbody>\n<\/table>\n<\/div>\n<p>[\/et_pb_text][et_pb_text _builder_version=\u00a0\u00bb4.27.4&Prime; _module_preset=\u00a0\u00bbdefault\u00a0\u00bb global_colors_info=\u00a0\u00bb{}\u00a0\u00bb]<\/p>\n<div style=\"overflow-x: auto;\">\n<table id=\"customers\">\n<tbody><\/tbody>\n<tbody>\n<tr>\n<td style=\"width: 20%;\">859055<\/td>\n<td style=\"width: 60%;\">\u00c9L\u00c9VATION POUR SUPPORT DE ROULEAU CENTRAL (PAR PI\u00c8CE)<\/td>\n<\/tr>\n<\/tbody>\n<\/table>\n<\/div>\n<p>[\/et_pb_text][\/et_pb_column][\/et_pb_row][\/et_pb_section][et_pb_section fb_built=\u00a0\u00bb1&Prime; _builder_version=\u00a0\u00bb4.27.4&Prime; _module_preset=\u00a0\u00bbdefault\u00a0\u00bb global_colors_info=\u00a0\u00bb{}\u00a0\u00bb][et_pb_row _builder_version=\u00a0\u00bb4.27.4&Prime; _module_preset=\u00a0\u00bbdefault\u00a0\u00bb global_module=\u00a0\u00bb5430&Prime; global_colors_info=\u00a0\u00bb{}\u00a0\u00bb][et_pb_column type=\u00a0\u00bb4_4&Prime; _builder_version=\u00a0\u00bb4.27.4&Prime; _module_preset=\u00a0\u00bbdefault\u00a0\u00bb global_colors_info=\u00a0\u00bb{}\u00a0\u00bb][et_pb_heading title=\u00a0\u00bbContactez-nous\u00a0\u00bb _builder_version=\u00a0\u00bb4.27.4&Prime; _module_preset=\u00a0\u00bbdefault\u00a0\u00bb title_level=\u00a0\u00bbh2&Prime; global_colors_info=\u00a0\u00bb{}\u00a0\u00bb][\/et_pb_heading][dsm_contact_form_7 cf7_library=\u00a0\u00bb5417&Prime; show_validation=\u00a0\u00bbon\u00a0\u00bb button_alignment=\u00a0\u00bbright\u00a0\u00bb _builder_version=\u00a0\u00bb4.27.4&Prime; _module_preset=\u00a0\u00bbdefault\u00a0\u00bb labels_font_size=\u00a0\u00bb18px\u00a0\u00bb input_textarea_select_font_size=\u00a0\u00bb18px\u00a0\u00bb date_field_font_size=\u00a0\u00bb18px\u00a0\u00bb placeholder_font_size=\u00a0\u00bb18px\u00a0\u00bb radio_checkbox_font_size=\u00a0\u00bb18px\u00a0\u00bb error_msg_font_size=\u00a0\u00bb18px\u00a0\u00bb error_validation_font_size=\u00a0\u00bb18px\u00a0\u00bb success_validation_font_size=\u00a0\u00bb18px\u00a0\u00bb custom_button_one=\u00a0\u00bbon\u00a0\u00bb button_one_text_color=\u00a0\u00bb#FFFFFF\u00a0\u00bb global_colors_info=\u00a0\u00bb{}\u00a0\u00bb][\/dsm_contact_form_7][\/et_pb_column][\/et_pb_row][\/et_pb_section]<\/p>\n","protected":false},"excerpt":{"rendered":"<p>Mod\u00e8le Charge totale Charge utile Des d\u00e9gradations en quintaux Roues Freins Dimensions du cadre Longueur du dernier rouleau Longueur Longueur du bateau*. Remorques pour jet ski PJ0751-45 750 600 7-6,5-6-5,5-5-4,5 155\/70 R13T NON 80&#215;40 4500 1650 jet rampes Support de roue de secours SR100408 SUPPORT DE ROUE DE SECOURS FIXATION 100 &#8211; DIMENSION CADRE 40X80 664200 ROUE 155\/70R13 4P30 57&#215;100 RC50100 ROULEAU DE QUILLE X PROFOND V SUR TRAVERSE INCLINABLE P25200 PASSERELLE 250X2000 COMPL\u00c8TE AVEC SUPPORTS POUR PB1001 &gt; 2312 P35350 PASSERELLE 350X3500 COMPL\u00c8TE AVEC SUPPORTS POUR PB2352 &gt; 3503 859055 \u00c9L\u00c9VATION POUR SUPPORT DE ROULEAU CENTRAL (PAR PI\u00c8CE) <div class=\"et_pb_module dsm_contact_form_7 dsm_contact_form_7_0\">\n\t\t\t\t\n\t\t\t\t\n\t\t\t\t\n\t\t\t\t\n\t\t\t\t\n\t\t\t\t\n\t\t\t\t<div class=\"et_pb_module_inner\">\n\t\t\t\t\t<div class=\"\">\n\t\t\t\t\n<div class=\"wpcf7 no-js\" id=\"wpcf7-f5717-o1\" lang=\"fr-FR\" dir=\"ltr\" data-wpcf7-id=\"5717\">\n<div class=\"screen-reader-response\"><p role=\"status\" aria-live=\"polite\" aria-atomic=\"true\"><\/p> <ul><\/ul><\/div>\n<form action=\"\/fr\/wp-json\/wp\/v2\/pages\/5768#wpcf7-f5717-o1\" method=\"post\" class=\"wpcf7-form init\" aria-label=\"Formulaire de contact\" novalidate=\"novalidate\" data-status=\"init\">\n<fieldset class=\"hidden-fields-container\"><input type=\"hidden\" name=\"_wpcf7\" value=\"5717\" \/><input type=\"hidden\" name=\"_wpcf7_version\" value=\"6.1.5\" \/><input type=\"hidden\" name=\"_wpcf7_locale\" value=\"fr_FR\" \/><input type=\"hidden\" name=\"_wpcf7_unit_tag\" value=\"wpcf7-f5717-o1\" \/><input type=\"hidden\" name=\"_wpcf7_container_post\" value=\"0\" \/><input type=\"hidden\" name=\"_wpcf7_posted_data_hash\" value=\"\" \/><input type=\"hidden\" name=\"_wpcf7_recaptcha_response\" value=\"\" \/>\n<\/fieldset>\n<div id=\"responsive-form\" class=\"clearfix\">\n\t<div class=\"form-row\">\n\t\t<div class=\"column-half\">\n\t\t\t<p><span class=\"wpcf7-form-control-wrap\" data-name=\"your-name\"><input size=\"40\" maxlength=\"400\" class=\"wpcf7-form-control wpcf7-text\" aria-invalid=\"false\" placeholder=\"Votre nom\" value=\"\" type=\"text\" name=\"your-name\" \/><\/span>\n\t\t\t<\/p>\n\t\t<\/div>\n\t\t<div class=\"column-half\">\n\t\t\t<p><span class=\"wpcf7-form-control-wrap\" data-name=\"your-email\"><input size=\"40\" maxlength=\"400\" class=\"wpcf7-form-control wpcf7-email wpcf7-validates-as-required wpcf7-text wpcf7-validates-as-email\" aria-required=\"true\" aria-invalid=\"false\" placeholder=\"Votre email\" value=\"\" type=\"email\" name=\"your-email\" \/><\/span>\n\t\t\t<\/p>\n\t\t<\/div>\n\t<\/div>\n\t<div class=\"form-row\">\n\t\t<div class=\"column-full\">\n\t\t\t<p><span class=\"wpcf7-form-control-wrap\" data-name=\"your-message\"><textarea cols=\"40\" rows=\"10\" maxlength=\"2000\" class=\"wpcf7-form-control wpcf7-textarea\" aria-invalid=\"false\" placeholder=\"Votre message\" name=\"your-message\"><\/textarea><\/span>\n\t\t\t<\/p>\n\t\t<\/div>\n\t<\/div>\n\t<div class=\"form-row\">\n\t\t<div class=\"column-full\">\n\t\t\t<p><button class=\"wpcf7-form-control wpcf7-submit has-spinner et_pb_button et_pb_bg_layout_light\" type=\"submit\" value=\"Envoyer\">Envoyer<\/button>\n\t\t\t<\/p>\n\t\t<\/div>\n\t<\/div>\n<\/div><div class=\"wpcf7-response-output\" aria-hidden=\"true\"><\/div>\n<\/form>\n<\/div>\n\n\t\t\t<\/div>\n\t\t\t\t<\/div>\n\t\t\t<\/div><\/p>\n","protected":false},"author":1,"featured_media":5820,"parent":5662,"menu_order":0,"comment_status":"closed","ping_status":"closed","template":"","meta":{"_et_pb_use_builder":"on","_et_pb_old_content":"","_et_gb_content_width":"","footnotes":""},"categories":[42],"tags":[],"class_list":["post-5768","page","type-page","status-publish","has-post-thumbnail","hentry","category-produits"],"yoast_head":"<!-- This site is optimized with the Yoast SEO plugin v27.2 - https:\/\/yoast.com\/product\/yoast-seo-wordpress\/ -->\n<title>Remorque pour jet ski - CTF<\/title>\n<meta name=\"robots\" content=\"index, follow, max-snippet:-1, max-image-preview:large, max-video-preview:-1\" \/>\n<link rel=\"canonical\" href=\"https:\/\/ctfrimorchi.it\/fr\/technologies-et-produits\/remorque-pour-jet-ski\/\" \/>\n<meta property=\"og:locale\" content=\"fr_FR\" \/>\n<meta property=\"og:type\" content=\"article\" \/>\n<meta property=\"og:title\" content=\"Remorque pour jet ski - CTF\" \/>\n<meta property=\"og:description\" content=\"Mod\u00e8le Charge totale Charge utile Des d\u00e9gradations en quintaux Roues Freins Dimensions du cadre Longueur du dernier rouleau Longueur Longueur du bateau*. Remorques pour jet ski PJ0751-45 750 600 7-6,5-6-5,5-5-4,5 155\/70 R13T NON 80x40 4500 1650 jet rampes Support de roue de secours SR100408 SUPPORT DE ROUE DE SECOURS FIXATION 100 - DIMENSION CADRE 40X80 664200 ROUE 155\/70R13 4P30 57x100 RC50100 ROULEAU DE QUILLE X PROFOND V SUR TRAVERSE INCLINABLE P25200 PASSERELLE 250X2000 COMPL\u00c8TE AVEC SUPPORTS POUR PB1001 &gt; 2312 P35350 PASSERELLE 350X3500 COMPL\u00c8TE AVEC SUPPORTS POUR PB2352 &gt; 3503 859055 \u00c9L\u00c9VATION POUR SUPPORT DE ROULEAU CENTRAL (PAR PI\u00c8CE)\" \/>\n<meta property=\"og:url\" content=\"https:\/\/ctfrimorchi.it\/fr\/technologies-et-produits\/remorque-pour-jet-ski\/\" \/>\n<meta property=\"og:site_name\" content=\"CTF\" \/>\n<meta property=\"article:modified_time\" content=\"2025-03-04T16:47:12+00:00\" \/>\n<meta property=\"og:image\" content=\"https:\/\/ctfrimorchi.it\/wp-content\/uploads\/2025\/03\/CTF-Rimorchi-Rimorchio-moto-dacqua-02.webp\" \/>\n\t<meta property=\"og:image:width\" content=\"1080\" \/>\n\t<meta property=\"og:image:height\" content=\"607\" \/>\n\t<meta property=\"og:image:type\" content=\"image\/webp\" \/>\n<meta name=\"twitter:card\" content=\"summary_large_image\" \/>\n<meta name=\"twitter:label1\" content=\"Dur\u00e9e de lecture estim\u00e9e\" \/>\n\t<meta name=\"twitter:data1\" content=\"5 minutes\" \/>\n<script type=\"application\/ld+json\" class=\"yoast-schema-graph\">{\"@context\":\"https:\/\/schema.org\",\"@graph\":[{\"@type\":\"WebPage\",\"@id\":\"https:\/\/ctfrimorchi.it\/fr\/technologies-et-produits\/remorque-pour-jet-ski\/\",\"url\":\"https:\/\/ctfrimorchi.it\/fr\/technologies-et-produits\/remorque-pour-jet-ski\/\",\"name\":\"Remorque pour jet ski - CTF\",\"isPartOf\":{\"@id\":\"https:\/\/ctfrimorchi.it\/fr\/#website\"},\"primaryImageOfPage\":{\"@id\":\"https:\/\/ctfrimorchi.it\/fr\/technologies-et-produits\/remorque-pour-jet-ski\/#primaryimage\"},\"image\":{\"@id\":\"https:\/\/ctfrimorchi.it\/fr\/technologies-et-produits\/remorque-pour-jet-ski\/#primaryimage\"},\"thumbnailUrl\":\"https:\/\/ctfrimorchi.it\/wp-content\/uploads\/2025\/03\/CTF-Rimorchi-Rimorchio-moto-dacqua-02.webp\",\"datePublished\":\"2025-01-30T08:44:31+00:00\",\"dateModified\":\"2025-03-04T16:47:12+00:00\",\"breadcrumb\":{\"@id\":\"https:\/\/ctfrimorchi.it\/fr\/technologies-et-produits\/remorque-pour-jet-ski\/#breadcrumb\"},\"inLanguage\":\"fr-FR\",\"potentialAction\":[{\"@type\":\"ReadAction\",\"target\":[\"https:\/\/ctfrimorchi.it\/fr\/technologies-et-produits\/remorque-pour-jet-ski\/\"]}]},{\"@type\":\"ImageObject\",\"inLanguage\":\"fr-FR\",\"@id\":\"https:\/\/ctfrimorchi.it\/fr\/technologies-et-produits\/remorque-pour-jet-ski\/#primaryimage\",\"url\":\"https:\/\/ctfrimorchi.it\/wp-content\/uploads\/2025\/03\/CTF-Rimorchi-Rimorchio-moto-dacqua-02.webp\",\"contentUrl\":\"https:\/\/ctfrimorchi.it\/wp-content\/uploads\/2025\/03\/CTF-Rimorchi-Rimorchio-moto-dacqua-02.webp\",\"width\":1080,\"height\":607},{\"@type\":\"BreadcrumbList\",\"@id\":\"https:\/\/ctfrimorchi.it\/fr\/technologies-et-produits\/remorque-pour-jet-ski\/#breadcrumb\",\"itemListElement\":[{\"@type\":\"ListItem\",\"position\":1,\"name\":\"Home\",\"item\":\"https:\/\/ctfrimorchi.it\/fr\/homepage\/\"},{\"@type\":\"ListItem\",\"position\":2,\"name\":\"Technologies et produits\",\"item\":\"https:\/\/ctfrimorchi.it\/fr\/technologies-et-produits\/\"},{\"@type\":\"ListItem\",\"position\":3,\"name\":\"Remorque pour jet ski\"}]},{\"@type\":\"WebSite\",\"@id\":\"https:\/\/ctfrimorchi.it\/fr\/#website\",\"url\":\"https:\/\/ctfrimorchi.it\/fr\/\",\"name\":\"CTF\",\"description\":\"Rimorchi\",\"potentialAction\":[{\"@type\":\"SearchAction\",\"target\":{\"@type\":\"EntryPoint\",\"urlTemplate\":\"https:\/\/ctfrimorchi.it\/fr\/?s={search_term_string}\"},\"query-input\":{\"@type\":\"PropertyValueSpecification\",\"valueRequired\":true,\"valueName\":\"search_term_string\"}}],\"inLanguage\":\"fr-FR\"}]}<\/script>\n<!-- \/ Yoast SEO plugin. -->","yoast_head_json":{"title":"Remorque pour jet ski - CTF","robots":{"index":"index","follow":"follow","max-snippet":"max-snippet:-1","max-image-preview":"max-image-preview:large","max-video-preview":"max-video-preview:-1"},"canonical":"https:\/\/ctfrimorchi.it\/fr\/technologies-et-produits\/remorque-pour-jet-ski\/","og_locale":"fr_FR","og_type":"article","og_title":"Remorque pour jet ski - CTF","og_description":"Mod\u00e8le Charge totale Charge utile Des d\u00e9gradations en quintaux Roues Freins Dimensions du cadre Longueur du dernier rouleau Longueur Longueur du bateau*. Remorques pour jet ski PJ0751-45 750 600 7-6,5-6-5,5-5-4,5 155\/70 R13T NON 80x40 4500 1650 jet rampes Support de roue de secours SR100408 SUPPORT DE ROUE DE SECOURS FIXATION 100 - DIMENSION CADRE 40X80 664200 ROUE 155\/70R13 4P30 57x100 RC50100 ROULEAU DE QUILLE X PROFOND V SUR TRAVERSE INCLINABLE P25200 PASSERELLE 250X2000 COMPL\u00c8TE AVEC SUPPORTS POUR PB1001 &gt; 2312 P35350 PASSERELLE 350X3500 COMPL\u00c8TE AVEC SUPPORTS POUR PB2352 &gt; 3503 859055 \u00c9L\u00c9VATION POUR SUPPORT DE ROULEAU CENTRAL (PAR PI\u00c8CE)","og_url":"https:\/\/ctfrimorchi.it\/fr\/technologies-et-produits\/remorque-pour-jet-ski\/","og_site_name":"CTF","article_modified_time":"2025-03-04T16:47:12+00:00","og_image":[{"width":1080,"height":607,"url":"https:\/\/ctfrimorchi.it\/wp-content\/uploads\/2025\/03\/CTF-Rimorchi-Rimorchio-moto-dacqua-02.webp","type":"image\/webp"}],"twitter_card":"summary_large_image","twitter_misc":{"Dur\u00e9e de lecture estim\u00e9e":"5 minutes"},"schema":{"@context":"https:\/\/schema.org","@graph":[{"@type":"WebPage","@id":"https:\/\/ctfrimorchi.it\/fr\/technologies-et-produits\/remorque-pour-jet-ski\/","url":"https:\/\/ctfrimorchi.it\/fr\/technologies-et-produits\/remorque-pour-jet-ski\/","name":"Remorque pour jet ski - CTF","isPartOf":{"@id":"https:\/\/ctfrimorchi.it\/fr\/#website"},"primaryImageOfPage":{"@id":"https:\/\/ctfrimorchi.it\/fr\/technologies-et-produits\/remorque-pour-jet-ski\/#primaryimage"},"image":{"@id":"https:\/\/ctfrimorchi.it\/fr\/technologies-et-produits\/remorque-pour-jet-ski\/#primaryimage"},"thumbnailUrl":"https:\/\/ctfrimorchi.it\/wp-content\/uploads\/2025\/03\/CTF-Rimorchi-Rimorchio-moto-dacqua-02.webp","datePublished":"2025-01-30T08:44:31+00:00","dateModified":"2025-03-04T16:47:12+00:00","breadcrumb":{"@id":"https:\/\/ctfrimorchi.it\/fr\/technologies-et-produits\/remorque-pour-jet-ski\/#breadcrumb"},"inLanguage":"fr-FR","potentialAction":[{"@type":"ReadAction","target":["https:\/\/ctfrimorchi.it\/fr\/technologies-et-produits\/remorque-pour-jet-ski\/"]}]},{"@type":"ImageObject","inLanguage":"fr-FR","@id":"https:\/\/ctfrimorchi.it\/fr\/technologies-et-produits\/remorque-pour-jet-ski\/#primaryimage","url":"https:\/\/ctfrimorchi.it\/wp-content\/uploads\/2025\/03\/CTF-Rimorchi-Rimorchio-moto-dacqua-02.webp","contentUrl":"https:\/\/ctfrimorchi.it\/wp-content\/uploads\/2025\/03\/CTF-Rimorchi-Rimorchio-moto-dacqua-02.webp","width":1080,"height":607},{"@type":"BreadcrumbList","@id":"https:\/\/ctfrimorchi.it\/fr\/technologies-et-produits\/remorque-pour-jet-ski\/#breadcrumb","itemListElement":[{"@type":"ListItem","position":1,"name":"Home","item":"https:\/\/ctfrimorchi.it\/fr\/homepage\/"},{"@type":"ListItem","position":2,"name":"Technologies et produits","item":"https:\/\/ctfrimorchi.it\/fr\/technologies-et-produits\/"},{"@type":"ListItem","position":3,"name":"Remorque pour jet ski"}]},{"@type":"WebSite","@id":"https:\/\/ctfrimorchi.it\/fr\/#website","url":"https:\/\/ctfrimorchi.it\/fr\/","name":"CTF","description":"Rimorchi","potentialAction":[{"@type":"SearchAction","target":{"@type":"EntryPoint","urlTemplate":"https:\/\/ctfrimorchi.it\/fr\/?s={search_term_string}"},"query-input":{"@type":"PropertyValueSpecification","valueRequired":true,"valueName":"search_term_string"}}],"inLanguage":"fr-FR"}]}},"_links":{"self":[{"href":"https:\/\/ctfrimorchi.it\/fr\/wp-json\/wp\/v2\/pages\/5768","targetHints":{"allow":["GET"]}}],"collection":[{"href":"https:\/\/ctfrimorchi.it\/fr\/wp-json\/wp\/v2\/pages"}],"about":[{"href":"https:\/\/ctfrimorchi.it\/fr\/wp-json\/wp\/v2\/types\/page"}],"author":[{"embeddable":true,"href":"https:\/\/ctfrimorchi.it\/fr\/wp-json\/wp\/v2\/users\/1"}],"replies":[{"embeddable":true,"href":"https:\/\/ctfrimorchi.it\/fr\/wp-json\/wp\/v2\/comments?post=5768"}],"version-history":[{"count":12,"href":"https:\/\/ctfrimorchi.it\/fr\/wp-json\/wp\/v2\/pages\/5768\/revisions"}],"predecessor-version":[{"id":5922,"href":"https:\/\/ctfrimorchi.it\/fr\/wp-json\/wp\/v2\/pages\/5768\/revisions\/5922"}],"up":[{"embeddable":true,"href":"https:\/\/ctfrimorchi.it\/fr\/wp-json\/wp\/v2\/pages\/5662"}],"wp:featuredmedia":[{"embeddable":true,"href":"https:\/\/ctfrimorchi.it\/fr\/wp-json\/wp\/v2\/media\/5820"}],"wp:attachment":[{"href":"https:\/\/ctfrimorchi.it\/fr\/wp-json\/wp\/v2\/media?parent=5768"}],"wp:term":[{"taxonomy":"category","embeddable":true,"href":"https:\/\/ctfrimorchi.it\/fr\/wp-json\/wp\/v2\/categories?post=5768"},{"taxonomy":"post_tag","embeddable":true,"href":"https:\/\/ctfrimorchi.it\/fr\/wp-json\/wp\/v2\/tags?post=5768"}],"curies":[{"name":"wp","href":"https:\/\/api.w.org\/{rel}","templated":true}]}}