{"id":5659,"date":"2025-01-29T11:17:10","date_gmt":"2025-01-29T11:17:10","guid":{"rendered":"https:\/\/ctfrimorchi.it\/agence\/"},"modified":"2025-03-03T13:40:19","modified_gmt":"2025-03-03T13:40:19","slug":"agence","status":"publish","type":"page","link":"https:\/\/ctfrimorchi.it\/fr\/agence\/","title":{"rendered":"Agence"},"content":{"rendered":"<p>[et_pb_section fb_built=\u00a0\u00bb1&Prime; _builder_version=\u00a0\u00bb4.27.4&Prime; _module_preset=\u00a0\u00bbdefault\u00a0\u00bb background_color=\u00a0\u00bbrgba(0,0,0,0.6)\u00a0\u00bb background_image=\u00a0\u00bbhttps:\/\/www.ctfrimorchi.it\/wp-content\/uploads\/2025\/01\/CTF-Rimorchi-Carpenteria-Consolandi-Azienda.webp\u00a0\u00bb background_blend=\u00a0\u00bbmultiply\u00a0\u00bb custom_padding=\u00a0\u00bb10vw||0px||false|false\u00a0\u00bb locked=\u00a0\u00bboff\u00a0\u00bb global_colors_info=\u00a0\u00bb{}\u00a0\u00bb][et_pb_row custom_padding_last_edited=\u00a0\u00bboff|desktop\u00a0\u00bb _builder_version=\u00a0\u00bb4.27.4&Prime; _module_preset=\u00a0\u00bbdefault\u00a0\u00bb background_image=\u00a0\u00bbhttps:\/\/www.ctfrimorchi.it\/wp-content\/uploads\/2025\/01\/CTF-Rimorchi-Arrow-element-long-1.webp\u00a0\u00bb background_position=\u00a0\u00bbcenter_right\u00a0\u00bb module_alignment=\u00a0\u00bbcenter\u00a0\u00bb overflow-x=\u00a0\u00bbvisible\u00a0\u00bb overflow-y=\u00a0\u00bbvisible\u00a0\u00bb module_alignment_tablet=\u00a0\u00bbcenter\u00a0\u00bb module_alignment_phone=\u00a0\u00bbcenter\u00a0\u00bb module_alignment_last_edited=\u00a0\u00bboff|desktop\u00a0\u00bb box_shadow_style=\u00a0\u00bbpreset4&Prime; box_shadow_horizontal=\u00a0\u00bb-30vw\u00a0\u00bb box_shadow_vertical=\u00a0\u00bb0px\u00a0\u00bb box_shadow_color=\u00a0\u00bbgcid-primary-color\u00a0\u00bb global_colors_info=\u00a0\u00bb{%22gcid-primary-color%22:%91%22box_shadow_color%22%93,%22gcid-secondary-color%22:%91%22background_color%22%93}\u00a0\u00bb][et_pb_column type=\u00a0\u00bb4_4&Prime; _builder_version=\u00a0\u00bb4.27.4&Prime; _module_preset=\u00a0\u00bbdefault\u00a0\u00bb global_colors_info=\u00a0\u00bb{}\u00a0\u00bb][et_pb_heading title=\u00a0\u00bb@ET-DC@eyJkeW5hbWljIjp0cnVlLCJjb250ZW50IjoicG9zdF90aXRsZSIsInNldHRpbmdzIjp7ImJlZm9yZSI6IiIsImFmdGVyIjoiIn19@\u00a0\u00bb _builder_version=\u00a0\u00bb4.27.4&Prime; _dynamic_attributes=\u00a0\u00bbtitle\u00a0\u00bb _module_preset=\u00a0\u00bbdefault\u00a0\u00bb title_text_color=\u00a0\u00bb#FFFFFF\u00a0\u00bb global_colors_info=\u00a0\u00bb{}\u00a0\u00bb][\/et_pb_heading][\/et_pb_column][\/et_pb_row][\/et_pb_section][et_pb_section fb_built=\u00a0\u00bb1&Prime; _builder_version=\u00a0\u00bb4.27.4&Prime; _module_preset=\u00a0\u00bbdefault\u00a0\u00bb background_color=\u00a0\u00bbgcid-0ada495c-41ff-4e72-8e51-105e45757a58&Prime; border_width_bottom=\u00a0\u00bb4px\u00a0\u00bb border_color_bottom=\u00a0\u00bbgcid-primary-color\u00a0\u00bb global_colors_info=\u00a0\u00bb{%22gcid-primary-color%22:%91%22border_color_bottom%22%93,%22gcid-0ada495c-41ff-4e72-8e51-105e45757a58%22:%91%22background_color%22%93}\u00a0\u00bb][et_pb_row _builder_version=\u00a0\u00bb4.27.4&Prime; _module_preset=\u00a0\u00bbdefault\u00a0\u00bb global_colors_info=\u00a0\u00bb{}\u00a0\u00bb][et_pb_column type=\u00a0\u00bb4_4&Prime; _builder_version=\u00a0\u00bb4.27.4&Prime; _module_preset=\u00a0\u00bbdefault\u00a0\u00bb global_colors_info=\u00a0\u00bb{}\u00a0\u00bb][et_pb_text _builder_version=\u00a0\u00bb4.27.4&Prime; _module_preset=\u00a0\u00bbdefault\u00a0\u00bb text_font=\u00a0\u00bb||||||||\u00a0\u00bb text_text_color=\u00a0\u00bbgcid-secondary-color\u00a0\u00bb text_font_size=\u00a0\u00bb24px\u00a0\u00bb text_line_height=\u00a0\u00bb1.4em\u00a0\u00bb global_colors_info=\u00a0\u00bb{%22gcid-secondary-color%22:%91%22text_text_color%22%93}\u00a0\u00bb]<\/p>\n<p>CTF srl est n\u00e9e de la rencontre de comp\u00e9tences apparemment tr\u00e8s \u00e9loign\u00e9es mais extraordinairement similaires.<br \/>La structure de production dot\u00e9e de <strong>technologies et de machines de derni\u00e8re g\u00e9n\u00e9ration<\/strong> d\u2019une part et la pr\u00e9sence qualifi\u00e9e dans le domaine de la production de remorques de l\u2019autre, se sont r\u00e9unies pour former CTF srl.<br \/>Notre remorque est donc le r\u00e9sultat de la technologie d\u00e9tenue par notre groupe et pr\u00e9sente plusieurs innovations que nous avons d\u00e9velopp\u00e9es pour vous.<\/p>\n<p>[\/et_pb_text][\/et_pb_column][\/et_pb_row][\/et_pb_section][et_pb_section fb_built=\u00a0\u00bb1&Prime; _builder_version=\u00a0\u00bb4.27.4&Prime; _module_preset=\u00a0\u00bbdefault\u00a0\u00bb global_colors_info=\u00a0\u00bb{}\u00a0\u00bb][et_pb_row _builder_version=\u00a0\u00bb4.27.4&Prime; _module_preset=\u00a0\u00bbdefault\u00a0\u00bb][et_pb_column _builder_version=\u00a0\u00bb4.27.4&Prime; _module_preset=\u00a0\u00bbdefault\u00a0\u00bb type=\u00a0\u00bb4_4&Prime;][et_pb_video src=\u00a0\u00bbhttps:\/\/ctfrimorchi.it\/wp-content\/uploads\/2025\/03\/CTF-Video-Aziendale-v02.mp4&Prime; _builder_version=\u00a0\u00bb4.27.4&Prime; _module_preset=\u00a0\u00bbdefault\u00a0\u00bb title_text=\u00a0\u00bbCTF Rimorchi-Anteprima video aziendale\u00a0\u00bb image_src=\u00a0\u00bbhttps:\/\/ctfrimorchi.it\/wp-content\/uploads\/2025\/03\/CTF-Rimorchi-Anteprima-video-aziendale.webp\u00a0\u00bb hover_enabled=\u00a0\u00bb0&Prime; sticky_enabled=\u00a0\u00bb0&Prime;][\/et_pb_video][\/et_pb_column][\/et_pb_row][et_pb_row column_structure=\u00a0\u00bb1_2,1_2&Prime; _builder_version=\u00a0\u00bb4.27.4&Prime; _module_preset=\u00a0\u00bbdefault\u00a0\u00bb global_colors_info=\u00a0\u00bb{}\u00a0\u00bb][et_pb_column type=\u00a0\u00bb1_2&Prime; _builder_version=\u00a0\u00bb4.27.4&Prime; _module_preset=\u00a0\u00bbdefault\u00a0\u00bb global_colors_info=\u00a0\u00bb{}\u00a0\u00bb][et_pb_image src=\u00a0\u00bbhttps:\/\/www.ctfrimorchi.it\/wp-content\/uploads\/2025\/01\/CTF-Rimorchi-Carpenteria-Consolandi-Azienda-Dettaglio-rimorchio.webp\u00a0\u00bb force_fullwidth=\u00a0\u00bbon\u00a0\u00bb _builder_version=\u00a0\u00bb4.27.4&Prime; _module_preset=\u00a0\u00bbdefault\u00a0\u00bb global_colors_info=\u00a0\u00bb{}\u00a0\u00bb][\/et_pb_image][\/et_pb_column][et_pb_column type=\u00a0\u00bb1_2&Prime; _builder_version=\u00a0\u00bb4.27.4&Prime; _module_preset=\u00a0\u00bbdefault\u00a0\u00bb global_colors_info=\u00a0\u00bb{}\u00a0\u00bb][et_pb_text _builder_version=\u00a0\u00bb4.27.4&Prime; _module_preset=\u00a0\u00bbdefault\u00a0\u00bb global_colors_info=\u00a0\u00bb{}\u00a0\u00bb]<\/p>\n<p>La remorque est le compagnon de voyage silencieux qui vous permet d\u2019atteindre vos destinations pour profiter de moments de pure d\u00e9tente. Il est ce qui permet \u00e0 votre bateau de vous suivre en vacances et est souvent pris pour acquis.<br \/>La qualit\u00e9 de la remorque se per\u00e7oit quand on l\u2019oublie parce que si elle ne donne pas de probl\u00e8mes alors il a fait son devoir.<br \/>Le choix de la remorque est donc aussi important que celui du moteur ou de votre bateau. Faites confiance \u00e0 ceux qui ont plus de 25 ans d\u2019exp\u00e9rience dans ce domaine.  <\/p>\n<p>[\/et_pb_text][\/et_pb_column][\/et_pb_row][\/et_pb_section][et_pb_section fb_built=\u00a0\u00bb1&Prime; _builder_version=\u00a0\u00bb4.27.4&Prime; _module_preset=\u00a0\u00bbdefault\u00a0\u00bb background_image=\u00a0\u00bbhttps:\/\/www.ctfrimorchi.it\/wp-content\/uploads\/2025\/01\/CTF-Rimorchi-Testata-1.webp\u00a0\u00bb global_colors_info=\u00a0\u00bb{}\u00a0\u00bb][et_pb_row _builder_version=\u00a0\u00bb4.27.4&Prime; _module_preset=\u00a0\u00bbdefault\u00a0\u00bb global_colors_info=\u00a0\u00bb{}\u00a0\u00bb][et_pb_column type=\u00a0\u00bb4_4&Prime; _builder_version=\u00a0\u00bb4.27.4&Prime; _module_preset=\u00a0\u00bbdefault\u00a0\u00bb global_colors_info=\u00a0\u00bb{}\u00a0\u00bb][et_pb_text _builder_version=\u00a0\u00bb4.27.4&Prime; _module_preset=\u00a0\u00bbdefault\u00a0\u00bb text_font=\u00a0\u00bb|300|||||||\u00a0\u00bb text_font_size=\u00a0\u00bb24px\u00a0\u00bb background_layout=\u00a0\u00bbdark\u00a0\u00bb global_colors_info=\u00a0\u00bb{}\u00a0\u00bb]<strong><span style=\"color: #ff0000; font-size: 64px;\">27<\/span> <\/strong>mod\u00e8les<\/p>\n<p><span style=\"color: #ff0000; font-size: 64px;\"><strong>67<\/strong><\/span>longueurs de chargement<\/p>\n<p><span style=\"color: #ff0000; font-size: 64px;\"><strong>391<\/strong> <\/span>d\u00e9classements[\/et_pb_text][\/et_pb_column][\/et_pb_row][et_pb_row _builder_version=\u00a0\u00bb4.27.4&Prime; _module_preset=\u00a0\u00bbdefault\u00a0\u00bb global_colors_info=\u00a0\u00bb{}\u00a0\u00bb][et_pb_column type=\u00a0\u00bb4_4&Prime; _builder_version=\u00a0\u00bb4.27.4&Prime; _module_preset=\u00a0\u00bbdefault\u00a0\u00bb global_colors_info=\u00a0\u00bb{}\u00a0\u00bb][et_pb_text _builder_version=\u00a0\u00bb4.27.4&Prime; _module_preset=\u00a0\u00bbdefault\u00a0\u00bb text_font=\u00a0\u00bb|300|||||||\u00a0\u00bb text_font_size=\u00a0\u00bb24px\u00a0\u00bb background_layout=\u00a0\u00bbdark\u00a0\u00bb global_colors_info=\u00a0\u00bb{}\u00a0\u00bb]<\/p>\n<p>Tout cela est disponible en deux types de feux arri\u00e8re diff\u00e9rents :<\/p>\n<ul>\n<li>Plaque lumineuse en aluminium<\/li>\n<li>Feux fixes \u00e0 LED mont\u00e9s sur supports en aluminium<\/li>\n<\/ul>\n<p>Le choix \u00e0 port\u00e9e de main<\/p>\n<p>[\/et_pb_text][\/et_pb_column][\/et_pb_row][\/et_pb_section][et_pb_section fb_built=\u00a0\u00bb1&Prime; _builder_version=\u00a0\u00bb4.27.4&Prime; _module_preset=\u00a0\u00bbdefault\u00a0\u00bb global_colors_info=\u00a0\u00bb{}\u00a0\u00bb][et_pb_row _builder_version=\u00a0\u00bb4.27.4&Prime; _module_preset=\u00a0\u00bbdefault\u00a0\u00bb global_module=\u00a0\u00bb5430&Prime; global_colors_info=\u00a0\u00bb{}\u00a0\u00bb][et_pb_column type=\u00a0\u00bb4_4&Prime; _builder_version=\u00a0\u00bb4.27.4&Prime; _module_preset=\u00a0\u00bbdefault\u00a0\u00bb global_colors_info=\u00a0\u00bb{}\u00a0\u00bb][et_pb_heading title=\u00a0\u00bbContactez-nous\u00a0\u00bb _builder_version=\u00a0\u00bb4.27.4&Prime; _module_preset=\u00a0\u00bbdefault\u00a0\u00bb title_level=\u00a0\u00bbh2&Prime; global_colors_info=\u00a0\u00bb{}\u00a0\u00bb][\/et_pb_heading][dsm_contact_form_7 cf7_library=\u00a0\u00bb5417&Prime; show_validation=\u00a0\u00bbon\u00a0\u00bb button_alignment=\u00a0\u00bbright\u00a0\u00bb _builder_version=\u00a0\u00bb4.27.4&Prime; _module_preset=\u00a0\u00bbdefault\u00a0\u00bb labels_font_size=\u00a0\u00bb18px\u00a0\u00bb input_textarea_select_font_size=\u00a0\u00bb18px\u00a0\u00bb date_field_font_size=\u00a0\u00bb18px\u00a0\u00bb placeholder_font_size=\u00a0\u00bb18px\u00a0\u00bb radio_checkbox_font_size=\u00a0\u00bb18px\u00a0\u00bb error_msg_font_size=\u00a0\u00bb18px\u00a0\u00bb error_validation_font_size=\u00a0\u00bb18px\u00a0\u00bb success_validation_font_size=\u00a0\u00bb18px\u00a0\u00bb custom_button_one=\u00a0\u00bbon\u00a0\u00bb button_one_text_color=\u00a0\u00bb#FFFFFF\u00a0\u00bb global_colors_info=\u00a0\u00bb{}\u00a0\u00bb][\/dsm_contact_form_7][\/et_pb_column][\/et_pb_row][\/et_pb_section]<\/p>\n","protected":false},"excerpt":{"rendered":"<p>CTF srl est n\u00e9e de la rencontre de comp\u00e9tences apparemment tr\u00e8s \u00e9loign\u00e9es mais extraordinairement similaires.La structure de production dot\u00e9e de technologies et de machines de derni\u00e8re g\u00e9n\u00e9ration d\u2019une part et la pr\u00e9sence qualifi\u00e9e dans le domaine de la production de remorques de l\u2019autre, se sont r\u00e9unies pour former CTF srl.Notre remorque est donc le r\u00e9sultat de la technologie d\u00e9tenue par notre groupe et pr\u00e9sente plusieurs innovations que nous avons d\u00e9velopp\u00e9es pour vous.La remorque est le compagnon de voyage silencieux qui vous permet d\u2019atteindre vos destinations pour profiter de moments de pure d\u00e9tente. Il est ce qui permet \u00e0 votre bateau de vous suivre en vacances et est souvent pris pour acquis.La qualit\u00e9 de la remorque se per\u00e7oit quand on l\u2019oublie parce que si elle ne donne pas de probl\u00e8mes alors il a fait son devoir.Le choix de la remorque est donc aussi important que celui du moteur ou de votre bateau. Faites confiance \u00e0 ceux qui ont plus de 25 ans d\u2019exp\u00e9rience dans ce domaine. 27 mod\u00e8les 67longueurs de chargement 391 d\u00e9classementsTout cela est disponible en deux types de feux arri\u00e8re diff\u00e9rents : Plaque lumineuse en aluminium Feux fixes \u00e0 LED mont\u00e9s sur supports en aluminium Le choix \u00e0 port\u00e9e [&hellip;]<\/p>\n","protected":false},"author":1,"featured_media":0,"parent":0,"menu_order":0,"comment_status":"closed","ping_status":"closed","template":"","meta":{"_et_pb_use_builder":"on","_et_pb_old_content":"","_et_gb_content_width":"","footnotes":""},"categories":[],"tags":[],"class_list":["post-5659","page","type-page","status-publish","hentry"],"yoast_head":"<!-- This site is optimized with the Yoast SEO plugin v27.2 - https:\/\/yoast.com\/product\/yoast-seo-wordpress\/ -->\n<title>Agence - CTF<\/title>\n<meta name=\"robots\" content=\"index, follow, max-snippet:-1, max-image-preview:large, max-video-preview:-1\" \/>\n<link rel=\"canonical\" href=\"https:\/\/ctfrimorchi.it\/fr\/agence\/\" \/>\n<meta property=\"og:locale\" content=\"fr_FR\" \/>\n<meta property=\"og:type\" content=\"article\" \/>\n<meta property=\"og:title\" content=\"Agence - CTF\" \/>\n<meta property=\"og:description\" content=\"CTF srl est n\u00e9e de la rencontre de comp\u00e9tences apparemment tr\u00e8s \u00e9loign\u00e9es mais extraordinairement similaires.La structure de production dot\u00e9e de technologies et de machines de derni\u00e8re g\u00e9n\u00e9ration d\u2019une part et la pr\u00e9sence qualifi\u00e9e dans le domaine de la production de remorques de l\u2019autre, se sont r\u00e9unies pour former CTF srl.Notre remorque est donc le r\u00e9sultat de la technologie d\u00e9tenue par notre groupe et pr\u00e9sente plusieurs innovations que nous avons d\u00e9velopp\u00e9es pour vous.La remorque est le compagnon de voyage silencieux qui vous permet d\u2019atteindre vos destinations pour profiter de moments de pure d\u00e9tente. Il est ce qui permet \u00e0 votre bateau de vous suivre en vacances et est souvent pris pour acquis.La qualit\u00e9 de la remorque se per\u00e7oit quand on l\u2019oublie parce que si elle ne donne pas de probl\u00e8mes alors il a fait son devoir.Le choix de la remorque est donc aussi important que celui du moteur ou de votre bateau. Faites confiance \u00e0 ceux qui ont plus de 25 ans d\u2019exp\u00e9rience dans ce domaine. 27 mod\u00e8les 67longueurs de chargement 391 d\u00e9classementsTout cela est disponible en deux types de feux arri\u00e8re diff\u00e9rents : Plaque lumineuse en aluminium Feux fixes \u00e0 LED mont\u00e9s sur supports en aluminium Le choix \u00e0 port\u00e9e [&hellip;]\" \/>\n<meta property=\"og:url\" content=\"https:\/\/ctfrimorchi.it\/fr\/agence\/\" \/>\n<meta property=\"og:site_name\" content=\"CTF\" \/>\n<meta property=\"article:modified_time\" content=\"2025-03-03T13:40:19+00:00\" \/>\n<meta name=\"twitter:card\" content=\"summary_large_image\" \/>\n<meta name=\"twitter:label1\" content=\"Dur\u00e9e de lecture estim\u00e9e\" \/>\n\t<meta name=\"twitter:data1\" content=\"5 minutes\" \/>\n<script type=\"application\/ld+json\" class=\"yoast-schema-graph\">{\"@context\":\"https:\/\/schema.org\",\"@graph\":[{\"@type\":\"WebPage\",\"@id\":\"https:\/\/ctfrimorchi.it\/fr\/agence\/\",\"url\":\"https:\/\/ctfrimorchi.it\/fr\/agence\/\",\"name\":\"Agence - CTF\",\"isPartOf\":{\"@id\":\"https:\/\/ctfrimorchi.it\/fr\/#website\"},\"datePublished\":\"2025-01-29T11:17:10+00:00\",\"dateModified\":\"2025-03-03T13:40:19+00:00\",\"breadcrumb\":{\"@id\":\"https:\/\/ctfrimorchi.it\/fr\/agence\/#breadcrumb\"},\"inLanguage\":\"fr-FR\",\"potentialAction\":[{\"@type\":\"ReadAction\",\"target\":[\"https:\/\/ctfrimorchi.it\/fr\/agence\/\"]}]},{\"@type\":\"BreadcrumbList\",\"@id\":\"https:\/\/ctfrimorchi.it\/fr\/agence\/#breadcrumb\",\"itemListElement\":[{\"@type\":\"ListItem\",\"position\":1,\"name\":\"Home\",\"item\":\"https:\/\/ctfrimorchi.it\/fr\/homepage\/\"},{\"@type\":\"ListItem\",\"position\":2,\"name\":\"Agence\"}]},{\"@type\":\"WebSite\",\"@id\":\"https:\/\/ctfrimorchi.it\/fr\/#website\",\"url\":\"https:\/\/ctfrimorchi.it\/fr\/\",\"name\":\"CTF\",\"description\":\"Rimorchi\",\"potentialAction\":[{\"@type\":\"SearchAction\",\"target\":{\"@type\":\"EntryPoint\",\"urlTemplate\":\"https:\/\/ctfrimorchi.it\/fr\/?s={search_term_string}\"},\"query-input\":{\"@type\":\"PropertyValueSpecification\",\"valueRequired\":true,\"valueName\":\"search_term_string\"}}],\"inLanguage\":\"fr-FR\"}]}<\/script>\n<!-- \/ Yoast SEO plugin. -->","yoast_head_json":{"title":"Agence - CTF","robots":{"index":"index","follow":"follow","max-snippet":"max-snippet:-1","max-image-preview":"max-image-preview:large","max-video-preview":"max-video-preview:-1"},"canonical":"https:\/\/ctfrimorchi.it\/fr\/agence\/","og_locale":"fr_FR","og_type":"article","og_title":"Agence - CTF","og_description":"CTF srl est n\u00e9e de la rencontre de comp\u00e9tences apparemment tr\u00e8s \u00e9loign\u00e9es mais extraordinairement similaires.La structure de production dot\u00e9e de technologies et de machines de derni\u00e8re g\u00e9n\u00e9ration d\u2019une part et la pr\u00e9sence qualifi\u00e9e dans le domaine de la production de remorques de l\u2019autre, se sont r\u00e9unies pour former CTF srl.Notre remorque est donc le r\u00e9sultat de la technologie d\u00e9tenue par notre groupe et pr\u00e9sente plusieurs innovations que nous avons d\u00e9velopp\u00e9es pour vous.La remorque est le compagnon de voyage silencieux qui vous permet d\u2019atteindre vos destinations pour profiter de moments de pure d\u00e9tente. Il est ce qui permet \u00e0 votre bateau de vous suivre en vacances et est souvent pris pour acquis.La qualit\u00e9 de la remorque se per\u00e7oit quand on l\u2019oublie parce que si elle ne donne pas de probl\u00e8mes alors il a fait son devoir.Le choix de la remorque est donc aussi important que celui du moteur ou de votre bateau. Faites confiance \u00e0 ceux qui ont plus de 25 ans d\u2019exp\u00e9rience dans ce domaine. 27 mod\u00e8les 67longueurs de chargement 391 d\u00e9classementsTout cela est disponible en deux types de feux arri\u00e8re diff\u00e9rents : Plaque lumineuse en aluminium Feux fixes \u00e0 LED mont\u00e9s sur supports en aluminium Le choix \u00e0 port\u00e9e [&hellip;]","og_url":"https:\/\/ctfrimorchi.it\/fr\/agence\/","og_site_name":"CTF","article_modified_time":"2025-03-03T13:40:19+00:00","twitter_card":"summary_large_image","twitter_misc":{"Dur\u00e9e de lecture estim\u00e9e":"5 minutes"},"schema":{"@context":"https:\/\/schema.org","@graph":[{"@type":"WebPage","@id":"https:\/\/ctfrimorchi.it\/fr\/agence\/","url":"https:\/\/ctfrimorchi.it\/fr\/agence\/","name":"Agence - CTF","isPartOf":{"@id":"https:\/\/ctfrimorchi.it\/fr\/#website"},"datePublished":"2025-01-29T11:17:10+00:00","dateModified":"2025-03-03T13:40:19+00:00","breadcrumb":{"@id":"https:\/\/ctfrimorchi.it\/fr\/agence\/#breadcrumb"},"inLanguage":"fr-FR","potentialAction":[{"@type":"ReadAction","target":["https:\/\/ctfrimorchi.it\/fr\/agence\/"]}]},{"@type":"BreadcrumbList","@id":"https:\/\/ctfrimorchi.it\/fr\/agence\/#breadcrumb","itemListElement":[{"@type":"ListItem","position":1,"name":"Home","item":"https:\/\/ctfrimorchi.it\/fr\/homepage\/"},{"@type":"ListItem","position":2,"name":"Agence"}]},{"@type":"WebSite","@id":"https:\/\/ctfrimorchi.it\/fr\/#website","url":"https:\/\/ctfrimorchi.it\/fr\/","name":"CTF","description":"Rimorchi","potentialAction":[{"@type":"SearchAction","target":{"@type":"EntryPoint","urlTemplate":"https:\/\/ctfrimorchi.it\/fr\/?s={search_term_string}"},"query-input":{"@type":"PropertyValueSpecification","valueRequired":true,"valueName":"search_term_string"}}],"inLanguage":"fr-FR"}]}},"_links":{"self":[{"href":"https:\/\/ctfrimorchi.it\/fr\/wp-json\/wp\/v2\/pages\/5659","targetHints":{"allow":["GET"]}}],"collection":[{"href":"https:\/\/ctfrimorchi.it\/fr\/wp-json\/wp\/v2\/pages"}],"about":[{"href":"https:\/\/ctfrimorchi.it\/fr\/wp-json\/wp\/v2\/types\/page"}],"author":[{"embeddable":true,"href":"https:\/\/ctfrimorchi.it\/fr\/wp-json\/wp\/v2\/users\/1"}],"replies":[{"embeddable":true,"href":"https:\/\/ctfrimorchi.it\/fr\/wp-json\/wp\/v2\/comments?post=5659"}],"version-history":[{"count":5,"href":"https:\/\/ctfrimorchi.it\/fr\/wp-json\/wp\/v2\/pages\/5659\/revisions"}],"predecessor-version":[{"id":5840,"href":"https:\/\/ctfrimorchi.it\/fr\/wp-json\/wp\/v2\/pages\/5659\/revisions\/5840"}],"wp:attachment":[{"href":"https:\/\/ctfrimorchi.it\/fr\/wp-json\/wp\/v2\/media?parent=5659"}],"wp:term":[{"taxonomy":"category","embeddable":true,"href":"https:\/\/ctfrimorchi.it\/fr\/wp-json\/wp\/v2\/categories?post=5659"},{"taxonomy":"post_tag","embeddable":true,"href":"https:\/\/ctfrimorchi.it\/fr\/wp-json\/wp\/v2\/tags?post=5659"}],"curies":[{"name":"wp","href":"https:\/\/api.w.org\/{rel}","templated":true}]}}