{"id":5689,"date":"2025-01-30T08:44:31","date_gmt":"2025-01-30T08:44:31","guid":{"rendered":"https:\/\/ctfrimorchi.it\/technologien-und-produkte\/jetski-anhaenger\/"},"modified":"2025-03-04T16:49:25","modified_gmt":"2025-03-04T16:49:25","slug":"jetski-anhaenger","status":"publish","type":"page","link":"https:\/\/ctfrimorchi.it\/de\/technologien-und-produkte\/jetski-anhaenger\/","title":{"rendered":"Jetski-Anh\u00e4nger"},"content":{"rendered":"<p>[et_pb_section fb_built=&#8220;1&#8243; _builder_version=&#8220;4.27.4&#8243; _module_preset=&#8220;default&#8220; background_color=&#8220;rgba(0,0,0,0.5)&#8220; background_image=&#8220;https:\/\/www.ctfrimorchi.it\/wp-content\/uploads\/2025\/01\/CTF-Rimorchi-bkg-generico-1.webp&#8220; background_blend=&#8220;multiply&#8220; custom_padding=&#8220;10vw||0px||false|false&#8220; global_colors_info=&#8220;{}&#8220;][et_pb_row custom_padding_last_edited=&#8220;off|desktop&#8220; _builder_version=&#8220;4.27.4&#8243; _module_preset=&#8220;default&#8220; background_image=&#8220;https:\/\/www.ctfrimorchi.it\/wp-content\/uploads\/2025\/01\/CTF-Rimorchi-Arrow-element-long-1.webp&#8220; background_position=&#8220;center_right&#8220; module_alignment=&#8220;center&#8220; overflow-x=&#8220;visible&#8220; overflow-y=&#8220;visible&#8220; module_alignment_tablet=&#8220;center&#8220; module_alignment_phone=&#8220;center&#8220; module_alignment_last_edited=&#8220;off|desktop&#8220; box_shadow_style=&#8220;preset4&#8243; box_shadow_horizontal=&#8220;-30vw&#8220; box_shadow_vertical=&#8220;0px&#8220; box_shadow_color=&#8220;gcid-primary-color&#8220; locked=&#8220;off&#8220; global_colors_info=&#8220;{%22gcid-primary-color%22:%91%22box_shadow_color%22%93,%22gcid-secondary-color%22:%91%22background_color%22%93}&#8220;][et_pb_column type=&#8220;4_4&#8243; _builder_version=&#8220;4.27.4&#8243; _module_preset=&#8220;default&#8220; global_colors_info=&#8220;{}&#8220;][et_pb_heading title=&#8220;@ET-DC@eyJkeW5hbWljIjp0cnVlLCJjb250ZW50IjoicG9zdF90aXRsZSIsInNldHRpbmdzIjp7ImJlZm9yZSI6IiIsImFmdGVyIjoiIn19@&#8220; _builder_version=&#8220;4.27.4&#8243; _dynamic_attributes=&#8220;title&#8220; _module_preset=&#8220;default&#8220; title_text_color=&#8220;#FFFFFF&#8220; global_colors_info=&#8220;{}&#8220;][\/et_pb_heading][\/et_pb_column][\/et_pb_row][\/et_pb_section][et_pb_section fb_built=&#8220;1&#8243; _builder_version=&#8220;4.27.4&#8243; _module_preset=&#8220;default&#8220; background_color=&#8220;gcid-0ada495c-41ff-4e72-8e51-105e45757a58&#8243; border_width_bottom=&#8220;4px&#8220; border_color_bottom=&#8220;gcid-primary-color&#8220; global_colors_info=&#8220;{%22gcid-primary-color%22:%91%22border_color_bottom%22%93,%22gcid-0ada495c-41ff-4e72-8e51-105e45757a58%22:%91%22background_color%22%93}&#8220;][et_pb_row _builder_version=&#8220;4.27.4&#8243; _module_preset=&#8220;default&#8220; global_colors_info=&#8220;{}&#8220;][et_pb_column type=&#8220;4_4&#8243; _builder_version=&#8220;4.27.4&#8243; _module_preset=&#8220;default&#8220; global_colors_info=&#8220;{}&#8220;][et_pb_image src=&#8220;https:\/\/ctfrimorchi.it\/wp-content\/uploads\/2025\/03\/CTF-Rimorchi-Rimorchio-moto-dacqua-no-bkg-02.webp&#8220; align=&#8220;center&#8220; force_fullwidth=&#8220;on&#8220; _builder_version=&#8220;4.27.4&#8243; _module_preset=&#8220;default&#8220; global_colors_info=&#8220;{%22gcid-primary-color%22:%91%22border_color_bottom%22%93}&#8220;][\/et_pb_image][\/et_pb_column][\/et_pb_row][\/et_pb_section][et_pb_section fb_built=&#8220;1&#8243; _builder_version=&#8220;4.27.4&#8243; _module_preset=&#8220;default&#8220; global_colors_info=&#8220;{}&#8220;][et_pb_row _builder_version=&#8220;4.27.4&#8243; _module_preset=&#8220;default&#8220; global_colors_info=&#8220;{}&#8220;][et_pb_column type=&#8220;4_4&#8243; _builder_version=&#8220;4.27.4&#8243; _module_preset=&#8220;default&#8220; global_colors_info=&#8220;{}&#8220;][et_pb_text _builder_version=&#8220;4.27.4&#8243; _module_preset=&#8220;default&#8220; global_colors_info=&#8220;{}&#8220;]<\/p>\n<div style=\"overflow-x: auto;\">\n<table id=\"customers\">\n<tbody>\n<tr>\n<th>Modell<\/th>\n<th>Gesamtlast<\/th>\n<th>Nutzlast<\/th>\n<th>Abstufungen in Zentnern<\/th>\n<th>R\u00e4der<\/th>\n<th>Bremsen<\/th>\n<th>Rahmengr\u00f6\u00dfe <\/th>\n<th>Letzte Rollenl\u00e4nge <\/th>\n<th>Breite<\/th>\n<th>Bootsl\u00e4nge*. <\/th>\n<th><\/th>\n<\/tr>\n<tr>\n<td rowspan=\"1\" colspan=\"11\" style=\"text-align: center;\"><strong>Jetski-Anh\u00e4nger<\/strong><\/td>\n<\/tr>\n<tr>\n<td>PJ0751-45<\/td>\n<td>750<\/td>\n<td>600<\/td>\n<td>7-6,5-6-5,5-5-4,5<\/td>\n<td>155\/70 R13T<\/td>\n<td>NEIN<\/td>\n<td>80&#215;40<\/td>\n<td>4500<\/td>\n<td>1650<\/td>\n<td>jet<\/td>\n<td>rampen<\/td>\n<\/tr>\n<\/tbody>\n<\/table>\n<\/div>\n<p>[\/et_pb_text][\/et_pb_column][\/et_pb_row][\/et_pb_section][et_pb_section fb_built=&#8220;1&#8243; _builder_version=&#8220;4.27.4&#8243; _module_preset=&#8220;default&#8220; background_color=&#8220;gcid-0ada495c-41ff-4e72-8e51-105e45757a58&#8243; background_enable_image=&#8220;off&#8220; global_colors_info=&#8220;{%22gcid-0ada495c-41ff-4e72-8e51-105e45757a58%22:%91%22background_color%22%93}&#8220;][et_pb_row _builder_version=&#8220;4.27.4&#8243; _module_preset=&#8220;default&#8220; global_colors_info=&#8220;{}&#8220;][et_pb_column type=&#8220;4_4&#8243; _builder_version=&#8220;4.27.4&#8243; _module_preset=&#8220;default&#8220; global_colors_info=&#8220;{}&#8220;][et_pb_heading title=&#8220;Zubeh\u00f6r&#8220; _builder_version=&#8220;4.27.4&#8243; _module_preset=&#8220;default&#8220; title_level=&#8220;h2&#8243; global_colors_info=&#8220;{}&#8220;][\/et_pb_heading][\/et_pb_column][\/et_pb_row][et_pb_row column_structure=&#8220;1_3,1_3,1_3&#8243; _builder_version=&#8220;4.27.4&#8243; _module_preset=&#8220;default&#8220; locked=&#8220;off&#8220; global_colors_info=&#8220;{}&#8220;][et_pb_column type=&#8220;1_3&#8243; _builder_version=&#8220;4.27.4&#8243; _module_preset=&#8220;default&#8220; global_colors_info=&#8220;{}&#8220;][et_pb_image src=&#8220;https:\/\/www.ctfrimorchi.it\/wp-content\/uploads\/2025\/01\/CTF-Rimorchi-Rimorchi-triasse-Opzioni-Supporto-ruota-di-scorta.webp&#8220; align=&#8220;center&#8220; force_fullwidth=&#8220;on&#8220; _builder_version=&#8220;4.27.4&#8243; _module_preset=&#8220;default&#8220; border_width_all=&#8220;1px&#8220; border_color_all=&#8220;rgba(0,0,0,0.2)&#8220; border_width_bottom=&#8220;4px&#8220; border_color_bottom=&#8220;gcid-primary-color&#8220; global_colors_info=&#8220;{%22gcid-primary-color%22:%91%22border_color_bottom%22%93}&#8220;][\/et_pb_image][et_pb_text _builder_version=&#8220;4.27.4&#8243; _module_preset=&#8220;default&#8220; text_font=&#8220;|600|on||||||&#8220; text_text_color=&#8220;gcid-secondary-color&#8220; global_colors_info=&#8220;{%22gcid-secondary-color%22:%91%22text_text_color%22%93}&#8220;]<\/p>\n<p>Ersatzradhalterung<\/p>\n<p>[\/et_pb_text][\/et_pb_column][et_pb_column type=&#8220;1_3&#8243; _builder_version=&#8220;4.27.4&#8243; _module_preset=&#8220;default&#8220; global_colors_info=&#8220;{}&#8220;][\/et_pb_column][et_pb_column type=&#8220;1_3&#8243; _builder_version=&#8220;4.27.4&#8243; _module_preset=&#8220;default&#8220; global_colors_info=&#8220;{}&#8220;][\/et_pb_column][\/et_pb_row][et_pb_row _builder_version=&#8220;4.27.4&#8243; _module_preset=&#8220;default&#8220; global_colors_info=&#8220;{}&#8220;][et_pb_column type=&#8220;4_4&#8243; _builder_version=&#8220;4.27.4&#8243; _module_preset=&#8220;default&#8220; global_colors_info=&#8220;{}&#8220;][et_pb_text _builder_version=&#8220;4.27.4&#8243; _module_preset=&#8220;default&#8220; global_colors_info=&#8220;{}&#8220;]<\/p>\n<div style=\"overflow-x: auto;\">\n<table id=\"customers\">\n<tbody>\n<tr>\n<td style=\"width: 20%;\">SR100408<\/td>\n<td style=\"width: 60%;\">ERSATZRADHALTERUNG ANSCHLUSS 100 \u2013 RAHMENGR\u00d6SSE 40X80<\/td>\n<\/tr>\n<\/tbody>\n<\/table>\n<\/div>\n<p>[\/et_pb_text][et_pb_text _builder_version=&#8220;4.27.4&#8243; _module_preset=&#8220;default&#8220; global_colors_info=&#8220;{}&#8220;]<\/p>\n<div style=\"overflow-x: auto;\">\n<table id=\"customers\">\n<tbody>\n<tr>\n<td style=\"width: 20%;\">664200<\/td>\n<td style=\"width: 60%;\">RAD 155\/70R13 4P30 57&#215;100<\/td>\n<\/tr>\n<\/tbody>\n<\/table>\n<\/div>\n<p>[\/et_pb_text][et_pb_text _builder_version=&#8220;4.27.4&#8243; _module_preset=&#8220;default&#8220; global_colors_info=&#8220;{}&#8220;]<\/p>\n<div style=\"overflow-x: auto;\">\n<table id=\"customers\">\n<tbody><\/tbody>\n<tbody>\n<tr>\n<td style=\"width: 20%;\">RC50100<\/td>\n<td style=\"width: 60%;\">KIELROLLE F\u00dcR TIEFE V AUF KIPPBARER QUERSTANGE<\/td>\n<\/tr>\n<\/tbody>\n<\/table>\n<\/div>\n<p>[\/et_pb_text][et_pb_text disabled_on=&#8220;on|on|on&#8220; _builder_version=&#8220;4.27.4&#8243; _module_preset=&#8220;default&#8220; disabled=&#8220;on&#8220; global_colors_info=&#8220;{}&#8220;]<\/p>\n<div style=\"overflow-x: auto;\">\n<table id=\"customers\">\n<tbody>\n<tr>\n<td style=\"width: 20%;\">P25200<\/td>\n<td style=\"width: 60%;\">LAUFSTEG 250X2000 KOMPLETT MIT HALTERUNGEN F\u00dcR PB1001 &gt; 2312<\/td>\n<\/tr>\n<tr>\n<td>P35350<\/td>\n<td>LAUFSTEG 350X3500 KOMPLETT MIT HALTERUNGEN F\u00dcR PB2352 &gt; 3503<\/td>\n<\/tr>\n<\/tbody>\n<tbody><\/tbody>\n<\/table>\n<\/div>\n<p>[\/et_pb_text][et_pb_text _builder_version=&#8220;4.27.4&#8243; _module_preset=&#8220;default&#8220; global_colors_info=&#8220;{}&#8220;]<\/p>\n<div style=\"overflow-x: auto;\">\n<table id=\"customers\">\n<tbody><\/tbody>\n<tbody>\n<tr>\n<td style=\"width: 20%;\">859055<\/td>\n<td style=\"width: 60%;\">ERH\u00d6HUNG F\u00dcR ZENTRALE ROLLENHALTERUNG (PRO ST\u00dcCK)<\/td>\n<\/tr>\n<\/tbody>\n<\/table>\n<\/div>\n<p>[\/et_pb_text][\/et_pb_column][\/et_pb_row][\/et_pb_section][et_pb_section fb_built=&#8220;1&#8243; _builder_version=&#8220;4.27.4&#8243; _module_preset=&#8220;default&#8220; global_colors_info=&#8220;{}&#8220;][et_pb_row _builder_version=&#8220;4.27.4&#8243; _module_preset=&#8220;default&#8220; global_module=&#8220;5430&#8243; global_colors_info=&#8220;{}&#8220;][et_pb_column type=&#8220;4_4&#8243; _builder_version=&#8220;4.27.4&#8243; _module_preset=&#8220;default&#8220; global_colors_info=&#8220;{}&#8220;][et_pb_heading title=&#8220;Kontaktieren Sie uns&#8220; _builder_version=&#8220;4.27.4&#8243; _module_preset=&#8220;default&#8220; title_level=&#8220;h2&#8243; global_colors_info=&#8220;{}&#8220;][\/et_pb_heading][dsm_contact_form_7 cf7_library=&#8220;5417&#8243; show_validation=&#8220;on&#8220; button_alignment=&#8220;right&#8220; _builder_version=&#8220;4.27.4&#8243; _module_preset=&#8220;default&#8220; labels_font_size=&#8220;18px&#8220; input_textarea_select_font_size=&#8220;18px&#8220; date_field_font_size=&#8220;18px&#8220; placeholder_font_size=&#8220;18px&#8220; radio_checkbox_font_size=&#8220;18px&#8220; error_msg_font_size=&#8220;18px&#8220; error_validation_font_size=&#8220;18px&#8220; success_validation_font_size=&#8220;18px&#8220; custom_button_one=&#8220;on&#8220; button_one_text_color=&#8220;#FFFFFF&#8220; global_colors_info=&#8220;{}&#8220;][\/dsm_contact_form_7][\/et_pb_column][\/et_pb_row][\/et_pb_section]<\/p>\n","protected":false},"excerpt":{"rendered":"<p>Modell Gesamtlast Nutzlast Abstufungen in Zentnern R\u00e4der Bremsen Rahmengr\u00f6\u00dfe Letzte Rollenl\u00e4nge Breite Bootsl\u00e4nge*. Jetski-Anh\u00e4nger PJ0751-45 750 600 7-6,5-6-5,5-5-4,5 155\/70 R13T NEIN 80&#215;40 4500 1650 jet rampen Ersatzradhalterung SR100408 ERSATZRADHALTERUNG ANSCHLUSS 100 \u2013 RAHMENGR\u00d6SSE 40X80 664200 RAD 155\/70R13 4P30 57&#215;100 RC50100 KIELROLLE F\u00dcR TIEFE V AUF KIPPBARER QUERSTANGE P25200 LAUFSTEG 250X2000 KOMPLETT MIT HALTERUNGEN F\u00dcR PB1001 &gt; 2312 P35350 LAUFSTEG 350X3500 KOMPLETT MIT HALTERUNGEN F\u00dcR PB2352 &gt; 3503 859055 ERH\u00d6HUNG F\u00dcR ZENTRALE ROLLENHALTERUNG (PRO ST\u00dcCK) <div class=\"et_pb_module dsm_contact_form_7 dsm_contact_form_7_0\">\n\t\t\t\t\n\t\t\t\t\n\t\t\t\t\n\t\t\t\t\n\t\t\t\t\n\t\t\t\t\n\t\t\t\t<div class=\"et_pb_module_inner\">\n\t\t\t\t\t<div class=\"\">\n\t\t\t\t\n<div class=\"wpcf7 no-js\" id=\"wpcf7-f5719-o1\" lang=\"de-DE\" dir=\"ltr\" data-wpcf7-id=\"5719\">\n<div class=\"screen-reader-response\"><p role=\"status\" aria-live=\"polite\" aria-atomic=\"true\"><\/p> <ul><\/ul><\/div>\n<form action=\"\/de\/wp-json\/wp\/v2\/pages\/5689#wpcf7-f5719-o1\" method=\"post\" class=\"wpcf7-form init\" aria-label=\"Kontaktformular\" novalidate=\"novalidate\" data-status=\"init\">\n<fieldset class=\"hidden-fields-container\"><input type=\"hidden\" name=\"_wpcf7\" value=\"5719\" \/><input type=\"hidden\" name=\"_wpcf7_version\" value=\"6.1.5\" \/><input type=\"hidden\" name=\"_wpcf7_locale\" value=\"de_DE\" \/><input type=\"hidden\" name=\"_wpcf7_unit_tag\" value=\"wpcf7-f5719-o1\" \/><input type=\"hidden\" name=\"_wpcf7_container_post\" value=\"0\" \/><input type=\"hidden\" name=\"_wpcf7_posted_data_hash\" value=\"\" \/><input type=\"hidden\" name=\"_wpcf7_recaptcha_response\" value=\"\" \/>\n<\/fieldset>\n<div id=\"responsive-form\" class=\"clearfix\">\n\t<div class=\"form-row\">\n\t\t<div class=\"column-half\">\n\t\t\t<p><span class=\"wpcf7-form-control-wrap\" data-name=\"your-name\"><input size=\"40\" maxlength=\"400\" class=\"wpcf7-form-control wpcf7-text\" aria-invalid=\"false\" placeholder=\"Ihr Name\" value=\"\" type=\"text\" name=\"your-name\" \/><\/span>\n\t\t\t<\/p>\n\t\t<\/div>\n\t\t<div class=\"column-half\">\n\t\t\t<p><span class=\"wpcf7-form-control-wrap\" data-name=\"your-email\"><input size=\"40\" maxlength=\"400\" class=\"wpcf7-form-control wpcf7-email wpcf7-validates-as-required wpcf7-text wpcf7-validates-as-email\" aria-required=\"true\" aria-invalid=\"false\" placeholder=\"Ihre E-Mail\" value=\"\" type=\"email\" name=\"your-email\" \/><\/span>\n\t\t\t<\/p>\n\t\t<\/div>\n\t<\/div>\n\t<div class=\"form-row\">\n\t\t<div class=\"column-full\">\n\t\t\t<p><span class=\"wpcf7-form-control-wrap\" data-name=\"your-message\"><textarea cols=\"40\" rows=\"10\" maxlength=\"2000\" class=\"wpcf7-form-control wpcf7-textarea\" aria-invalid=\"false\" placeholder=\"Ihre Nachricht\" name=\"your-message\"><\/textarea><\/span>\n\t\t\t<\/p>\n\t\t<\/div>\n\t<\/div>\n\t<div class=\"form-row\">\n\t\t<div class=\"column-full\">\n\t\t\t<p><button class=\"wpcf7-form-control wpcf7-submit has-spinner et_pb_button et_pb_bg_layout_light\" type=\"submit\" value=\"Schicken\">Schicken<\/button>\n\t\t\t<\/p>\n\t\t<\/div>\n\t<\/div>\n<\/div><div class=\"wpcf7-response-output\" aria-hidden=\"true\"><\/div>\n<\/form>\n<\/div>\n\n\t\t\t<\/div>\n\t\t\t\t<\/div>\n\t\t\t<\/div><\/p>\n","protected":false},"author":1,"featured_media":5821,"parent":5671,"menu_order":0,"comment_status":"closed","ping_status":"closed","template":"","meta":{"_et_pb_use_builder":"on","_et_pb_old_content":"","_et_gb_content_width":"","footnotes":""},"categories":[38],"tags":[],"class_list":["post-5689","page","type-page","status-publish","has-post-thumbnail","hentry","category-produkte"],"yoast_head":"<!-- This site is optimized with the Yoast SEO plugin v27.2 - https:\/\/yoast.com\/product\/yoast-seo-wordpress\/ -->\n<title>Jetski-Anh\u00e4nger - CTF<\/title>\n<meta name=\"robots\" content=\"index, follow, max-snippet:-1, max-image-preview:large, max-video-preview:-1\" \/>\n<link rel=\"canonical\" href=\"https:\/\/ctfrimorchi.it\/de\/technologien-und-produkte\/jetski-anhaenger\/\" \/>\n<meta property=\"og:locale\" content=\"de_DE\" \/>\n<meta property=\"og:type\" content=\"article\" \/>\n<meta property=\"og:title\" content=\"Jetski-Anh\u00e4nger - CTF\" \/>\n<meta property=\"og:description\" content=\"Modell Gesamtlast Nutzlast Abstufungen in Zentnern R\u00e4der Bremsen Rahmengr\u00f6\u00dfe Letzte Rollenl\u00e4nge Breite Bootsl\u00e4nge*. Jetski-Anh\u00e4nger PJ0751-45 750 600 7-6,5-6-5,5-5-4,5 155\/70 R13T NEIN 80x40 4500 1650 jet rampen Ersatzradhalterung SR100408 ERSATZRADHALTERUNG ANSCHLUSS 100 \u2013 RAHMENGR\u00d6SSE 40X80 664200 RAD 155\/70R13 4P30 57x100 RC50100 KIELROLLE F\u00dcR TIEFE V AUF KIPPBARER QUERSTANGE P25200 LAUFSTEG 250X2000 KOMPLETT MIT HALTERUNGEN F\u00dcR PB1001 &gt; 2312 P35350 LAUFSTEG 350X3500 KOMPLETT MIT HALTERUNGEN F\u00dcR PB2352 &gt; 3503 859055 ERH\u00d6HUNG F\u00dcR ZENTRALE ROLLENHALTERUNG (PRO ST\u00dcCK)\" \/>\n<meta property=\"og:url\" content=\"https:\/\/ctfrimorchi.it\/de\/technologien-und-produkte\/jetski-anhaenger\/\" \/>\n<meta property=\"og:site_name\" content=\"CTF\" \/>\n<meta property=\"article:modified_time\" content=\"2025-03-04T16:49:25+00:00\" \/>\n<meta property=\"og:image\" content=\"https:\/\/ctfrimorchi.it\/wp-content\/uploads\/2025\/03\/CTF-Rimorchi-Rimorchio-moto-dacqua-02.webp\" \/>\n\t<meta property=\"og:image:width\" content=\"1080\" \/>\n\t<meta property=\"og:image:height\" content=\"607\" \/>\n\t<meta property=\"og:image:type\" content=\"image\/webp\" \/>\n<meta name=\"twitter:card\" content=\"summary_large_image\" \/>\n<meta name=\"twitter:label1\" content=\"Gesch\u00e4tzte Lesezeit\" \/>\n\t<meta name=\"twitter:data1\" content=\"4\u00a0Minuten\" \/>\n<script type=\"application\/ld+json\" class=\"yoast-schema-graph\">{\"@context\":\"https:\/\/schema.org\",\"@graph\":[{\"@type\":\"WebPage\",\"@id\":\"https:\/\/ctfrimorchi.it\/de\/technologien-und-produkte\/jetski-anhaenger\/\",\"url\":\"https:\/\/ctfrimorchi.it\/de\/technologien-und-produkte\/jetski-anhaenger\/\",\"name\":\"Jetski-Anh\u00e4nger - CTF\",\"isPartOf\":{\"@id\":\"https:\/\/ctfrimorchi.it\/de\/#website\"},\"primaryImageOfPage\":{\"@id\":\"https:\/\/ctfrimorchi.it\/de\/technologien-und-produkte\/jetski-anhaenger\/#primaryimage\"},\"image\":{\"@id\":\"https:\/\/ctfrimorchi.it\/de\/technologien-und-produkte\/jetski-anhaenger\/#primaryimage\"},\"thumbnailUrl\":\"https:\/\/ctfrimorchi.it\/wp-content\/uploads\/2025\/03\/CTF-Rimorchi-Rimorchio-moto-dacqua-02.webp\",\"datePublished\":\"2025-01-30T08:44:31+00:00\",\"dateModified\":\"2025-03-04T16:49:25+00:00\",\"breadcrumb\":{\"@id\":\"https:\/\/ctfrimorchi.it\/de\/technologien-und-produkte\/jetski-anhaenger\/#breadcrumb\"},\"inLanguage\":\"de\",\"potentialAction\":[{\"@type\":\"ReadAction\",\"target\":[\"https:\/\/ctfrimorchi.it\/de\/technologien-und-produkte\/jetski-anhaenger\/\"]}]},{\"@type\":\"ImageObject\",\"inLanguage\":\"de\",\"@id\":\"https:\/\/ctfrimorchi.it\/de\/technologien-und-produkte\/jetski-anhaenger\/#primaryimage\",\"url\":\"https:\/\/ctfrimorchi.it\/wp-content\/uploads\/2025\/03\/CTF-Rimorchi-Rimorchio-moto-dacqua-02.webp\",\"contentUrl\":\"https:\/\/ctfrimorchi.it\/wp-content\/uploads\/2025\/03\/CTF-Rimorchi-Rimorchio-moto-dacqua-02.webp\",\"width\":1080,\"height\":607},{\"@type\":\"BreadcrumbList\",\"@id\":\"https:\/\/ctfrimorchi.it\/de\/technologien-und-produkte\/jetski-anhaenger\/#breadcrumb\",\"itemListElement\":[{\"@type\":\"ListItem\",\"position\":1,\"name\":\"Home\",\"item\":\"https:\/\/ctfrimorchi.it\/de\/homepage\/\"},{\"@type\":\"ListItem\",\"position\":2,\"name\":\"Technologien und Produkte\",\"item\":\"https:\/\/ctfrimorchi.it\/de\/technologien-und-produkte\/\"},{\"@type\":\"ListItem\",\"position\":3,\"name\":\"Jetski-Anh\u00e4nger\"}]},{\"@type\":\"WebSite\",\"@id\":\"https:\/\/ctfrimorchi.it\/de\/#website\",\"url\":\"https:\/\/ctfrimorchi.it\/de\/\",\"name\":\"CTF\",\"description\":\"Rimorchi\",\"potentialAction\":[{\"@type\":\"SearchAction\",\"target\":{\"@type\":\"EntryPoint\",\"urlTemplate\":\"https:\/\/ctfrimorchi.it\/de\/?s={search_term_string}\"},\"query-input\":{\"@type\":\"PropertyValueSpecification\",\"valueRequired\":true,\"valueName\":\"search_term_string\"}}],\"inLanguage\":\"de\"}]}<\/script>\n<!-- \/ Yoast SEO plugin. -->","yoast_head_json":{"title":"Jetski-Anh\u00e4nger - CTF","robots":{"index":"index","follow":"follow","max-snippet":"max-snippet:-1","max-image-preview":"max-image-preview:large","max-video-preview":"max-video-preview:-1"},"canonical":"https:\/\/ctfrimorchi.it\/de\/technologien-und-produkte\/jetski-anhaenger\/","og_locale":"de_DE","og_type":"article","og_title":"Jetski-Anh\u00e4nger - CTF","og_description":"Modell Gesamtlast Nutzlast Abstufungen in Zentnern R\u00e4der Bremsen Rahmengr\u00f6\u00dfe Letzte Rollenl\u00e4nge Breite Bootsl\u00e4nge*. Jetski-Anh\u00e4nger PJ0751-45 750 600 7-6,5-6-5,5-5-4,5 155\/70 R13T NEIN 80x40 4500 1650 jet rampen Ersatzradhalterung SR100408 ERSATZRADHALTERUNG ANSCHLUSS 100 \u2013 RAHMENGR\u00d6SSE 40X80 664200 RAD 155\/70R13 4P30 57x100 RC50100 KIELROLLE F\u00dcR TIEFE V AUF KIPPBARER QUERSTANGE P25200 LAUFSTEG 250X2000 KOMPLETT MIT HALTERUNGEN F\u00dcR PB1001 &gt; 2312 P35350 LAUFSTEG 350X3500 KOMPLETT MIT HALTERUNGEN F\u00dcR PB2352 &gt; 3503 859055 ERH\u00d6HUNG F\u00dcR ZENTRALE ROLLENHALTERUNG (PRO ST\u00dcCK)","og_url":"https:\/\/ctfrimorchi.it\/de\/technologien-und-produkte\/jetski-anhaenger\/","og_site_name":"CTF","article_modified_time":"2025-03-04T16:49:25+00:00","og_image":[{"width":1080,"height":607,"url":"https:\/\/ctfrimorchi.it\/wp-content\/uploads\/2025\/03\/CTF-Rimorchi-Rimorchio-moto-dacqua-02.webp","type":"image\/webp"}],"twitter_card":"summary_large_image","twitter_misc":{"Gesch\u00e4tzte Lesezeit":"4\u00a0Minuten"},"schema":{"@context":"https:\/\/schema.org","@graph":[{"@type":"WebPage","@id":"https:\/\/ctfrimorchi.it\/de\/technologien-und-produkte\/jetski-anhaenger\/","url":"https:\/\/ctfrimorchi.it\/de\/technologien-und-produkte\/jetski-anhaenger\/","name":"Jetski-Anh\u00e4nger - CTF","isPartOf":{"@id":"https:\/\/ctfrimorchi.it\/de\/#website"},"primaryImageOfPage":{"@id":"https:\/\/ctfrimorchi.it\/de\/technologien-und-produkte\/jetski-anhaenger\/#primaryimage"},"image":{"@id":"https:\/\/ctfrimorchi.it\/de\/technologien-und-produkte\/jetski-anhaenger\/#primaryimage"},"thumbnailUrl":"https:\/\/ctfrimorchi.it\/wp-content\/uploads\/2025\/03\/CTF-Rimorchi-Rimorchio-moto-dacqua-02.webp","datePublished":"2025-01-30T08:44:31+00:00","dateModified":"2025-03-04T16:49:25+00:00","breadcrumb":{"@id":"https:\/\/ctfrimorchi.it\/de\/technologien-und-produkte\/jetski-anhaenger\/#breadcrumb"},"inLanguage":"de","potentialAction":[{"@type":"ReadAction","target":["https:\/\/ctfrimorchi.it\/de\/technologien-und-produkte\/jetski-anhaenger\/"]}]},{"@type":"ImageObject","inLanguage":"de","@id":"https:\/\/ctfrimorchi.it\/de\/technologien-und-produkte\/jetski-anhaenger\/#primaryimage","url":"https:\/\/ctfrimorchi.it\/wp-content\/uploads\/2025\/03\/CTF-Rimorchi-Rimorchio-moto-dacqua-02.webp","contentUrl":"https:\/\/ctfrimorchi.it\/wp-content\/uploads\/2025\/03\/CTF-Rimorchi-Rimorchio-moto-dacqua-02.webp","width":1080,"height":607},{"@type":"BreadcrumbList","@id":"https:\/\/ctfrimorchi.it\/de\/technologien-und-produkte\/jetski-anhaenger\/#breadcrumb","itemListElement":[{"@type":"ListItem","position":1,"name":"Home","item":"https:\/\/ctfrimorchi.it\/de\/homepage\/"},{"@type":"ListItem","position":2,"name":"Technologien und Produkte","item":"https:\/\/ctfrimorchi.it\/de\/technologien-und-produkte\/"},{"@type":"ListItem","position":3,"name":"Jetski-Anh\u00e4nger"}]},{"@type":"WebSite","@id":"https:\/\/ctfrimorchi.it\/de\/#website","url":"https:\/\/ctfrimorchi.it\/de\/","name":"CTF","description":"Rimorchi","potentialAction":[{"@type":"SearchAction","target":{"@type":"EntryPoint","urlTemplate":"https:\/\/ctfrimorchi.it\/de\/?s={search_term_string}"},"query-input":{"@type":"PropertyValueSpecification","valueRequired":true,"valueName":"search_term_string"}}],"inLanguage":"de"}]}},"_links":{"self":[{"href":"https:\/\/ctfrimorchi.it\/de\/wp-json\/wp\/v2\/pages\/5689","targetHints":{"allow":["GET"]}}],"collection":[{"href":"https:\/\/ctfrimorchi.it\/de\/wp-json\/wp\/v2\/pages"}],"about":[{"href":"https:\/\/ctfrimorchi.it\/de\/wp-json\/wp\/v2\/types\/page"}],"author":[{"embeddable":true,"href":"https:\/\/ctfrimorchi.it\/de\/wp-json\/wp\/v2\/users\/1"}],"replies":[{"embeddable":true,"href":"https:\/\/ctfrimorchi.it\/de\/wp-json\/wp\/v2\/comments?post=5689"}],"version-history":[{"count":14,"href":"https:\/\/ctfrimorchi.it\/de\/wp-json\/wp\/v2\/pages\/5689\/revisions"}],"predecessor-version":[{"id":5930,"href":"https:\/\/ctfrimorchi.it\/de\/wp-json\/wp\/v2\/pages\/5689\/revisions\/5930"}],"up":[{"embeddable":true,"href":"https:\/\/ctfrimorchi.it\/de\/wp-json\/wp\/v2\/pages\/5671"}],"wp:featuredmedia":[{"embeddable":true,"href":"https:\/\/ctfrimorchi.it\/de\/wp-json\/wp\/v2\/media\/5821"}],"wp:attachment":[{"href":"https:\/\/ctfrimorchi.it\/de\/wp-json\/wp\/v2\/media?parent=5689"}],"wp:term":[{"taxonomy":"category","embeddable":true,"href":"https:\/\/ctfrimorchi.it\/de\/wp-json\/wp\/v2\/categories?post=5689"},{"taxonomy":"post_tag","embeddable":true,"href":"https:\/\/ctfrimorchi.it\/de\/wp-json\/wp\/v2\/tags?post=5689"}],"curies":[{"name":"wp","href":"https:\/\/api.w.org\/{rel}","templated":true}]}}