{"id":5674,"date":"2025-01-29T13:32:48","date_gmt":"2025-01-29T13:32:48","guid":{"rendered":"https:\/\/ctfrimorchi.it\/contatti\/"},"modified":"2025-03-03T09:12:10","modified_gmt":"2025-03-03T09:12:10","slug":"contatti","status":"publish","type":"page","link":"https:\/\/ctfrimorchi.it\/de\/contatti\/","title":{"rendered":"Contatti"},"content":{"rendered":"<p>[et_pb_section fb_built=&#8220;1&#8243; _builder_version=&#8220;4.27.4&#8243; _module_preset=&#8220;default&#8220; background_color=&#8220;rgba(0,0,0,0.3)&#8220; background_image=&#8220;https:\/\/www.ctfrimorchi.it\/wp-content\/uploads\/2025\/01\/CTF-Rimorchi-Homepage-vert-1-scaled.webp&#8220; background_blend=&#8220;multiply&#8220; custom_padding=&#8220;10vw||0px||false|false&#8220; locked=&#8220;off&#8220; global_colors_info=&#8220;{}&#8220;][et_pb_row custom_padding_last_edited=&#8220;off|desktop&#8220; _builder_version=&#8220;4.27.4&#8243; _module_preset=&#8220;default&#8220; background_image=&#8220;https:\/\/www.ctfrimorchi.it\/wp-content\/uploads\/2025\/01\/CTF-Rimorchi-Arrow-element-long-1.webp&#8220; background_position=&#8220;center_right&#8220; module_alignment=&#8220;center&#8220; overflow-x=&#8220;visible&#8220; overflow-y=&#8220;visible&#8220; module_alignment_tablet=&#8220;center&#8220; module_alignment_phone=&#8220;center&#8220; module_alignment_last_edited=&#8220;off|desktop&#8220; box_shadow_style=&#8220;preset4&#8243; box_shadow_horizontal=&#8220;-30vw&#8220; box_shadow_vertical=&#8220;0px&#8220; box_shadow_color=&#8220;gcid-primary-color&#8220; global_colors_info=&#8220;{%22gcid-primary-color%22:%91%22box_shadow_color%22%93,%22gcid-secondary-color%22:%91%22background_color%22%93}&#8220;][et_pb_column type=&#8220;4_4&#8243; _builder_version=&#8220;4.27.4&#8243; _module_preset=&#8220;default&#8220; global_colors_info=&#8220;{}&#8220;][et_pb_heading title=&#8220;@ET-DC@eyJkeW5hbWljIjp0cnVlLCJjb250ZW50IjoicG9zdF90aXRsZSIsInNldHRpbmdzIjp7ImJlZm9yZSI6IiIsImFmdGVyIjoiIn19@&#8220; _builder_version=&#8220;4.27.4&#8243; _dynamic_attributes=&#8220;title&#8220; _module_preset=&#8220;default&#8220; title_text_color=&#8220;#FFFFFF&#8220; global_colors_info=&#8220;{}&#8220;][\/et_pb_heading][\/et_pb_column][\/et_pb_row][\/et_pb_section][et_pb_section fb_built=&#8220;1&#8243; admin_label=&#8220;Contact&#8220; _builder_version=&#8220;4.25.2&#8243; _module_preset=&#8220;_initial&#8220; background_enable_color=&#8220;off&#8220; locked=&#8220;off&#8220; global_colors_info=&#8220;{%22gcid-b6c4f12c-f25d-4f61-9fb1-6e96404634cd%22:%91%22background_color%22%93}&#8220;][et_pb_row column_structure=&#8220;1_2,1_2&#8243; make_equal=&#8220;on&#8220; _builder_version=&#8220;4.27.4&#8243; _module_preset=&#8220;_initial&#8220; global_colors_info=&#8220;{}&#8220;][et_pb_column type=&#8220;1_2&#8243; _builder_version=&#8220;4.25.2&#8243; _module_preset=&#8220;_initial&#8220; global_colors_info=&#8220;{}&#8220;][et_pb_text _builder_version=&#8220;4.27.4&#8243; _module_preset=&#8220;_initial&#8220; global_colors_info=&#8220;{}&#8220;]<\/p>\n<p><strong>Wir sind f\u00fcr Sie da!<\/strong><\/p>\n<p>Kontaktieren Sie uns f\u00fcr weitere Informationen \u00fcber unsere Anh\u00e4nger oder um ein individuelles Angebot von einem unserer H\u00e4ndler zu erhalten.<\/p>\n<p>Das CTF-Team steht Ihnen zur Seite.<\/p>\n<p>[\/et_pb_text][et_pb_blurb title=&#8220;B\u00fcro&#8220; use_icon=&#8220;on&#8220; font_icon=&#8220;&#xf276;||fa||900&#8243; icon_placement=&#8220;left&#8220; image_icon_width=&#8220;32px&#8220; content_max_width=&#8220;100%&#8220; _builder_version=&#8220;4.27.4&#8243; _module_preset=&#8220;_initial&#8220; custom_margin=&#8220;||||false|false&#8220; custom_padding=&#8220;30px||||false|false&#8220; animation=&#8220;off&#8220; border_color_all=&#8220;rgba(0,0,0,0.2)&#8220; border_width_top=&#8220;1px&#8220; global_colors_info=&#8220;{}&#8220;]<\/p>\n<p>Via G. Natta, 33<br \/>24051 &#8211; Antegnate BG<\/p>\n<p>[\/et_pb_blurb][et_pb_blurb title=&#8220;Anruf&#8220; use_icon=&#8220;on&#8220; font_icon=&#8220;&#xf10b;||fa||900&#8243; icon_placement=&#8220;left&#8220; image_icon_width=&#8220;32px&#8220; content_max_width=&#8220;100%&#8220; _builder_version=&#8220;4.27.4&#8243; _module_preset=&#8220;_initial&#8220; custom_margin=&#8220;||||false|false&#8220; custom_padding=&#8220;30px||||false|false&#8220; animation=&#8220;off&#8220; border_color_all=&#8220;rgba(0,0,0,0.2)&#8220; border_width_top=&#8220;1px&#8220; global_colors_info=&#8220;{}&#8220;]<\/p>\n<p>+39 0363 1970033<\/p>\n<p>[\/et_pb_blurb][et_pb_blurb title=&#8220;Email&#8220; use_icon=&#8220;on&#8220; font_icon=&#8220;&#xf658;||fa||900&#8243; icon_placement=&#8220;left&#8220; image_icon_width=&#8220;32px&#8220; content_max_width=&#8220;100%&#8220; _builder_version=&#8220;4.27.4&#8243; _module_preset=&#8220;_initial&#8220; custom_margin=&#8220;||||false|false&#8220; custom_padding=&#8220;30px||||false|false&#8220; animation=&#8220;off&#8220; border_color_all=&#8220;rgba(0,0,0,0.2)&#8220; border_width_top=&#8220;1px&#8220; global_colors_info=&#8220;{}&#8220;]info@ctfrimorchi.it[\/et_pb_blurb][\/et_pb_column][et_pb_column type=&#8220;1_2&#8243; _builder_version=&#8220;4.27.4&#8243; _module_preset=&#8220;_initial&#8220; background_color=&#8220;gcid-0ada495c-41ff-4e72-8e51-105e45757a58&#8243; custom_padding=&#8220;30px|30px|30px|30px|true|true&#8220; custom_padding_tablet=&#8220;&#8220; custom_padding_phone=&#8220;20px|20px|20px|20px|true|true&#8220; custom_padding_last_edited=&#8220;on|phone&#8220; global_colors_info=&#8220;{%22gcid-0ada495c-41ff-4e72-8e51-105e45757a58%22:%91%22background_color%22%93}&#8220;][et_pb_heading title=&#8220;Informationen anfordern&#8220; _builder_version=&#8220;4.27.4&#8243; _module_preset=&#8220;default&#8220; title_level=&#8220;h3&#8243; hover_enabled=&#8220;0&#8243; sticky_enabled=&#8220;0&#8243;][\/et_pb_heading][dsm_contact_form_7 _builder_version=&#8220;4.27.4&#8243; _module_preset=&#8220;default&#8220; cf7_library=&#8220;5418&#8243; show_validation=&#8220;on&#8220; input_background_color=&#8220;#FFFFFF&#8220; border_width_all_image=&#8220;1px&#8220; border_color_all_image=&#8220;rgba(0,0,0,0.2)&#8220; input_textarea_select_font_size=&#8220;18px&#8220; labels_font_size=&#8220;18px&#8220; placeholder_font_size=&#8220;18px&#8220; date_field_font_size=&#8220;18px&#8220; radio_checkbox_font_size=&#8220;18px&#8220; error_msg_font_size=&#8220;18px&#8220; error_validation_font_size=&#8220;18px&#8220; success_validation_font_size=&#8220;18px&#8220; custom_button_one=&#8220;on&#8220; button_one_text_color=&#8220;#FFFFFF&#8220; button_alignment=&#8220;right&#8220; hover_enabled=&#8220;0&#8243; sticky_enabled=&#8220;0&#8243;][\/dsm_contact_form_7][\/et_pb_column][\/et_pb_row][et_pb_row _builder_version=&#8220;4.27.4&#8243; _module_preset=&#8220;_initial&#8220; global_colors_info=&#8220;{}&#8220;][et_pb_column type=&#8220;4_4&#8243; _builder_version=&#8220;4.25.2&#8243; _module_preset=&#8220;_initial&#8220; global_colors_info=&#8220;{}&#8220;][et_pb_text _builder_version=&#8220;4.27.4&#8243; _module_preset=&#8220;default&#8220; global_colors_info=&#8220;{}&#8220;]<iframe src=\"https:\/\/www.google.com\/maps\/embed?pb=!1m18!1m12!1m3!1d4658.154744067102!2d9.796580477369874!3d45.48837273182382!2m3!1f0!2f0!3f0!3m2!1i1024!2i768!4f13.1!3m3!1m2!1s0x4781408730727597%3A0x918e52087f6d7f09!2sVia%20Giulio%20Natta%2C%2033%2C%2024051%20Antegnate%20BG!5e1!3m2!1sit!2sit!4v1740482861046!5m2!1sit!2sit\" width=\"100%\" height=\"500\" style=\"border:0;\" allowfullscreen=\"\" loading=\"lazy\" referrerpolicy=\"no-referrer-when-downgrade\"><\/iframe>[\/et_pb_text][\/et_pb_column][\/et_pb_row][\/et_pb_section]<\/p>\n","protected":false},"excerpt":{"rendered":"<p>Wir sind f\u00fcr Sie da! Kontaktieren Sie uns f\u00fcr weitere Informationen \u00fcber unsere Anh\u00e4nger oder um ein individuelles Angebot von einem unserer H\u00e4ndler zu erhalten. Das CTF-Team steht Ihnen zur Seite.Via G. Natta, 3324051 &#8211; Antegnate BG+39 0363 1970033info@ctfrimorchi.it<div class=\"et_pb_with_border et_pb_module dsm_contact_form_7 dsm_contact_form_7_0\">\n\t\t\t\t\n\t\t\t\t\n\t\t\t\t\n\t\t\t\t\n\t\t\t\t\n\t\t\t\t\n\t\t\t\t<div class=\"et_pb_module_inner\">\n\t\t\t\t\t<div class=\"\">\n\t\t\t\t\n<div class=\"wpcf7 no-js\" id=\"wpcf7-f5718-o1\" lang=\"de-DE\" dir=\"ltr\" data-wpcf7-id=\"5718\">\n<div class=\"screen-reader-response\"><p role=\"status\" aria-live=\"polite\" aria-atomic=\"true\"><\/p> <ul><\/ul><\/div>\n<form action=\"\/de\/wp-json\/wp\/v2\/pages\/5674#wpcf7-f5718-o1\" method=\"post\" class=\"wpcf7-form init\" aria-label=\"Kontaktformular\" novalidate=\"novalidate\" data-status=\"init\">\n<fieldset class=\"hidden-fields-container\"><input type=\"hidden\" name=\"_wpcf7\" value=\"5718\" \/><input type=\"hidden\" name=\"_wpcf7_version\" value=\"6.1.5\" \/><input type=\"hidden\" name=\"_wpcf7_locale\" value=\"de_DE\" \/><input type=\"hidden\" name=\"_wpcf7_unit_tag\" value=\"wpcf7-f5718-o1\" \/><input type=\"hidden\" name=\"_wpcf7_container_post\" value=\"0\" \/><input type=\"hidden\" name=\"_wpcf7_posted_data_hash\" value=\"\" \/><input type=\"hidden\" name=\"_wpcf7_recaptcha_response\" value=\"\" \/>\n<\/fieldset>\n<div id=\"responsive-form\" class=\"clearfix\">\n\t<div class=\"form-row\">\n\t\t<div class=\"column-full\">\n\t\t\t<p><span class=\"wpcf7-form-control-wrap\" data-name=\"your-name\"><input size=\"40\" maxlength=\"400\" class=\"wpcf7-form-control wpcf7-text\" aria-invalid=\"false\" placeholder=\"Ihr Name\" value=\"\" type=\"text\" name=\"your-name\" \/><\/span>\n\t\t\t<\/p>\n\t\t<\/div>\n\t<\/div>\n\t<div class=\"form-row\">\n\t\t<div class=\"column-full\">\n\t\t\t<p><span class=\"wpcf7-form-control-wrap\" data-name=\"your-email\"><input size=\"40\" maxlength=\"400\" class=\"wpcf7-form-control wpcf7-email wpcf7-validates-as-required wpcf7-text wpcf7-validates-as-email\" aria-required=\"true\" aria-invalid=\"false\" placeholder=\"Ihre E-Mail\" value=\"\" type=\"email\" name=\"your-email\" \/><\/span>\n\t\t\t<\/p>\n\t\t<\/div>\n\t<\/div>\n\t<div class=\"form-row\">\n\t\t<div class=\"column-full\">\n\t\t\t<p><span class=\"wpcf7-form-control-wrap\" data-name=\"your-message\"><textarea cols=\"40\" rows=\"10\" maxlength=\"2000\" class=\"wpcf7-form-control wpcf7-textarea\" aria-invalid=\"false\" placeholder=\"Ihre Nachricht\" name=\"your-message\"><\/textarea><\/span>\n\t\t\t<\/p>\n\t\t<\/div>\n\t<\/div>\n\t<div class=\"form-row\">\n\t\t<div class=\"column-full\">\n\t\t\t<p><button class=\"wpcf7-form-control wpcf7-submit has-spinner et_pb_button et_pb_bg_layout_light\" type=\"submit\" value=\"Schicken\">Schicken<\/button>\n\t\t\t<\/p>\n\t\t<\/div>\n\t<\/div>\n<\/div><div class=\"wpcf7-response-output\" aria-hidden=\"true\"><\/div>\n<\/form>\n<\/div>\n\n\t\t\t<\/div>\n\t\t\t\t<\/div>\n\t\t\t<\/div><\/p>\n","protected":false},"author":1,"featured_media":0,"parent":0,"menu_order":0,"comment_status":"closed","ping_status":"closed","template":"","meta":{"_et_pb_use_builder":"on","_et_pb_old_content":"","_et_gb_content_width":"","footnotes":""},"categories":[],"tags":[],"class_list":["post-5674","page","type-page","status-publish","hentry"],"yoast_head":"<!-- This site is optimized with the Yoast SEO plugin v27.2 - https:\/\/yoast.com\/product\/yoast-seo-wordpress\/ -->\n<title>Contatti - CTF<\/title>\n<meta name=\"robots\" content=\"index, follow, max-snippet:-1, max-image-preview:large, max-video-preview:-1\" \/>\n<link rel=\"canonical\" href=\"https:\/\/ctfrimorchi.it\/de\/contatti\/\" \/>\n<meta property=\"og:locale\" content=\"de_DE\" \/>\n<meta property=\"og:type\" content=\"article\" \/>\n<meta property=\"og:title\" content=\"Contatti - CTF\" \/>\n<meta property=\"og:description\" content=\"Wir sind f\u00fcr Sie da! Kontaktieren Sie uns f\u00fcr weitere Informationen \u00fcber unsere Anh\u00e4nger oder um ein individuelles Angebot von einem unserer H\u00e4ndler zu erhalten. Das CTF-Team steht Ihnen zur Seite.Via G. Natta, 3324051 - Antegnate BG+39 0363 1970033info@ctfrimorchi.it\" \/>\n<meta property=\"og:url\" content=\"https:\/\/ctfrimorchi.it\/de\/contatti\/\" \/>\n<meta property=\"og:site_name\" content=\"CTF\" \/>\n<meta property=\"article:modified_time\" content=\"2025-03-03T09:12:10+00:00\" \/>\n<meta name=\"twitter:card\" content=\"summary_large_image\" \/>\n<meta name=\"twitter:label1\" content=\"Gesch\u00e4tzte Lesezeit\" \/>\n\t<meta name=\"twitter:data1\" content=\"3\u00a0Minuten\" \/>\n<script type=\"application\/ld+json\" class=\"yoast-schema-graph\">{\"@context\":\"https:\/\/schema.org\",\"@graph\":[{\"@type\":\"WebPage\",\"@id\":\"https:\/\/ctfrimorchi.it\/de\/contatti\/\",\"url\":\"https:\/\/ctfrimorchi.it\/de\/contatti\/\",\"name\":\"Contatti - CTF\",\"isPartOf\":{\"@id\":\"https:\/\/ctfrimorchi.it\/de\/#website\"},\"datePublished\":\"2025-01-29T13:32:48+00:00\",\"dateModified\":\"2025-03-03T09:12:10+00:00\",\"breadcrumb\":{\"@id\":\"https:\/\/ctfrimorchi.it\/de\/contatti\/#breadcrumb\"},\"inLanguage\":\"de\",\"potentialAction\":[{\"@type\":\"ReadAction\",\"target\":[\"https:\/\/ctfrimorchi.it\/de\/contatti\/\"]}]},{\"@type\":\"BreadcrumbList\",\"@id\":\"https:\/\/ctfrimorchi.it\/de\/contatti\/#breadcrumb\",\"itemListElement\":[{\"@type\":\"ListItem\",\"position\":1,\"name\":\"Home\",\"item\":\"https:\/\/ctfrimorchi.it\/de\/homepage\/\"},{\"@type\":\"ListItem\",\"position\":2,\"name\":\"Contatti\"}]},{\"@type\":\"WebSite\",\"@id\":\"https:\/\/ctfrimorchi.it\/de\/#website\",\"url\":\"https:\/\/ctfrimorchi.it\/de\/\",\"name\":\"CTF\",\"description\":\"Rimorchi\",\"potentialAction\":[{\"@type\":\"SearchAction\",\"target\":{\"@type\":\"EntryPoint\",\"urlTemplate\":\"https:\/\/ctfrimorchi.it\/de\/?s={search_term_string}\"},\"query-input\":{\"@type\":\"PropertyValueSpecification\",\"valueRequired\":true,\"valueName\":\"search_term_string\"}}],\"inLanguage\":\"de\"}]}<\/script>\n<!-- \/ Yoast SEO plugin. -->","yoast_head_json":{"title":"Contatti - CTF","robots":{"index":"index","follow":"follow","max-snippet":"max-snippet:-1","max-image-preview":"max-image-preview:large","max-video-preview":"max-video-preview:-1"},"canonical":"https:\/\/ctfrimorchi.it\/de\/contatti\/","og_locale":"de_DE","og_type":"article","og_title":"Contatti - CTF","og_description":"Wir sind f\u00fcr Sie da! Kontaktieren Sie uns f\u00fcr weitere Informationen \u00fcber unsere Anh\u00e4nger oder um ein individuelles Angebot von einem unserer H\u00e4ndler zu erhalten. Das CTF-Team steht Ihnen zur Seite.Via G. Natta, 3324051 - Antegnate BG+39 0363 1970033info@ctfrimorchi.it","og_url":"https:\/\/ctfrimorchi.it\/de\/contatti\/","og_site_name":"CTF","article_modified_time":"2025-03-03T09:12:10+00:00","twitter_card":"summary_large_image","twitter_misc":{"Gesch\u00e4tzte Lesezeit":"3\u00a0Minuten"},"schema":{"@context":"https:\/\/schema.org","@graph":[{"@type":"WebPage","@id":"https:\/\/ctfrimorchi.it\/de\/contatti\/","url":"https:\/\/ctfrimorchi.it\/de\/contatti\/","name":"Contatti - CTF","isPartOf":{"@id":"https:\/\/ctfrimorchi.it\/de\/#website"},"datePublished":"2025-01-29T13:32:48+00:00","dateModified":"2025-03-03T09:12:10+00:00","breadcrumb":{"@id":"https:\/\/ctfrimorchi.it\/de\/contatti\/#breadcrumb"},"inLanguage":"de","potentialAction":[{"@type":"ReadAction","target":["https:\/\/ctfrimorchi.it\/de\/contatti\/"]}]},{"@type":"BreadcrumbList","@id":"https:\/\/ctfrimorchi.it\/de\/contatti\/#breadcrumb","itemListElement":[{"@type":"ListItem","position":1,"name":"Home","item":"https:\/\/ctfrimorchi.it\/de\/homepage\/"},{"@type":"ListItem","position":2,"name":"Contatti"}]},{"@type":"WebSite","@id":"https:\/\/ctfrimorchi.it\/de\/#website","url":"https:\/\/ctfrimorchi.it\/de\/","name":"CTF","description":"Rimorchi","potentialAction":[{"@type":"SearchAction","target":{"@type":"EntryPoint","urlTemplate":"https:\/\/ctfrimorchi.it\/de\/?s={search_term_string}"},"query-input":{"@type":"PropertyValueSpecification","valueRequired":true,"valueName":"search_term_string"}}],"inLanguage":"de"}]}},"_links":{"self":[{"href":"https:\/\/ctfrimorchi.it\/de\/wp-json\/wp\/v2\/pages\/5674","targetHints":{"allow":["GET"]}}],"collection":[{"href":"https:\/\/ctfrimorchi.it\/de\/wp-json\/wp\/v2\/pages"}],"about":[{"href":"https:\/\/ctfrimorchi.it\/de\/wp-json\/wp\/v2\/types\/page"}],"author":[{"embeddable":true,"href":"https:\/\/ctfrimorchi.it\/de\/wp-json\/wp\/v2\/users\/1"}],"replies":[{"embeddable":true,"href":"https:\/\/ctfrimorchi.it\/de\/wp-json\/wp\/v2\/comments?post=5674"}],"version-history":[{"count":2,"href":"https:\/\/ctfrimorchi.it\/de\/wp-json\/wp\/v2\/pages\/5674\/revisions"}],"predecessor-version":[{"id":5676,"href":"https:\/\/ctfrimorchi.it\/de\/wp-json\/wp\/v2\/pages\/5674\/revisions\/5676"}],"wp:attachment":[{"href":"https:\/\/ctfrimorchi.it\/de\/wp-json\/wp\/v2\/media?parent=5674"}],"wp:term":[{"taxonomy":"category","embeddable":true,"href":"https:\/\/ctfrimorchi.it\/de\/wp-json\/wp\/v2\/categories?post=5674"},{"taxonomy":"post_tag","embeddable":true,"href":"https:\/\/ctfrimorchi.it\/de\/wp-json\/wp\/v2\/tags?post=5674"}],"curies":[{"name":"wp","href":"https:\/\/api.w.org\/{rel}","templated":true}]}}