{"id":5668,"date":"2025-01-29T11:17:10","date_gmt":"2025-01-29T11:17:10","guid":{"rendered":"https:\/\/ctfrimorchi.it\/agentur\/"},"modified":"2025-03-03T13:40:29","modified_gmt":"2025-03-03T13:40:29","slug":"agentur","status":"publish","type":"page","link":"https:\/\/ctfrimorchi.it\/de\/agentur\/","title":{"rendered":"Agentur"},"content":{"rendered":"<p>[et_pb_section fb_built=&#8220;1&#8243; _builder_version=&#8220;4.27.4&#8243; _module_preset=&#8220;default&#8220; background_color=&#8220;rgba(0,0,0,0.6)&#8220; background_image=&#8220;https:\/\/www.ctfrimorchi.it\/wp-content\/uploads\/2025\/01\/CTF-Rimorchi-Carpenteria-Consolandi-Azienda.webp&#8220; background_blend=&#8220;multiply&#8220; custom_padding=&#8220;10vw||0px||false|false&#8220; locked=&#8220;off&#8220; global_colors_info=&#8220;{}&#8220;][et_pb_row custom_padding_last_edited=&#8220;off|desktop&#8220; _builder_version=&#8220;4.27.4&#8243; _module_preset=&#8220;default&#8220; background_image=&#8220;https:\/\/www.ctfrimorchi.it\/wp-content\/uploads\/2025\/01\/CTF-Rimorchi-Arrow-element-long-1.webp&#8220; background_position=&#8220;center_right&#8220; module_alignment=&#8220;center&#8220; overflow-x=&#8220;visible&#8220; overflow-y=&#8220;visible&#8220; module_alignment_tablet=&#8220;center&#8220; module_alignment_phone=&#8220;center&#8220; module_alignment_last_edited=&#8220;off|desktop&#8220; box_shadow_style=&#8220;preset4&#8243; box_shadow_horizontal=&#8220;-30vw&#8220; box_shadow_vertical=&#8220;0px&#8220; box_shadow_color=&#8220;gcid-primary-color&#8220; global_colors_info=&#8220;{%22gcid-primary-color%22:%91%22box_shadow_color%22%93,%22gcid-secondary-color%22:%91%22background_color%22%93}&#8220;][et_pb_column type=&#8220;4_4&#8243; _builder_version=&#8220;4.27.4&#8243; _module_preset=&#8220;default&#8220; global_colors_info=&#8220;{}&#8220;][et_pb_heading title=&#8220;@ET-DC@eyJkeW5hbWljIjp0cnVlLCJjb250ZW50IjoicG9zdF90aXRsZSIsInNldHRpbmdzIjp7ImJlZm9yZSI6IiIsImFmdGVyIjoiIn19@&#8220; _builder_version=&#8220;4.27.4&#8243; _dynamic_attributes=&#8220;title&#8220; _module_preset=&#8220;default&#8220; title_text_color=&#8220;#FFFFFF&#8220; global_colors_info=&#8220;{}&#8220;][\/et_pb_heading][\/et_pb_column][\/et_pb_row][\/et_pb_section][et_pb_section fb_built=&#8220;1&#8243; _builder_version=&#8220;4.27.4&#8243; _module_preset=&#8220;default&#8220; background_color=&#8220;gcid-0ada495c-41ff-4e72-8e51-105e45757a58&#8243; border_width_bottom=&#8220;4px&#8220; border_color_bottom=&#8220;gcid-primary-color&#8220; global_colors_info=&#8220;{%22gcid-primary-color%22:%91%22border_color_bottom%22%93,%22gcid-0ada495c-41ff-4e72-8e51-105e45757a58%22:%91%22background_color%22%93}&#8220;][et_pb_row _builder_version=&#8220;4.27.4&#8243; _module_preset=&#8220;default&#8220; global_colors_info=&#8220;{}&#8220;][et_pb_column type=&#8220;4_4&#8243; _builder_version=&#8220;4.27.4&#8243; _module_preset=&#8220;default&#8220; global_colors_info=&#8220;{}&#8220;][et_pb_text _builder_version=&#8220;4.27.4&#8243; _module_preset=&#8220;default&#8220; text_font=&#8220;||||||||&#8220; text_text_color=&#8220;gcid-secondary-color&#8220; text_font_size=&#8220;24px&#8220; text_line_height=&#8220;1.4em&#8220; global_colors_info=&#8220;{%22gcid-secondary-color%22:%91%22text_text_color%22%93}&#8220;]<\/p>\n<p>CTF srl entstand aus dem Zusammentreffen scheinbar sehr unterschiedlicher, aber au\u00dferordentlich komplement\u00e4rer Kompetenzen. <br \/>Die mit <strong>modernsten Technologien und Maschinen ausgestattete Produktionsst\u00e4tte und die qualifizierte Expertise<\/strong> im Bereich der Anh\u00e4ngerproduktion haben sich zur Gr\u00fcndung der CTF srl vereint. Unsere Anh\u00e4nger sind das Ergebnis der Technologien unserer Gruppe und zeichnen sich durch moderne Innovationen aus, die entwickelt wurden, um dem Kunden die bestm\u00f6gliche Erfahrung zu garantieren.<\/p>\n<p>[\/et_pb_text][\/et_pb_column][\/et_pb_row][\/et_pb_section][et_pb_section fb_built=&#8220;1&#8243; _builder_version=&#8220;4.27.4&#8243; _module_preset=&#8220;default&#8220; global_colors_info=&#8220;{}&#8220;][et_pb_row _builder_version=&#8220;4.27.4&#8243; _module_preset=&#8220;default&#8220;][et_pb_column _builder_version=&#8220;4.27.4&#8243; _module_preset=&#8220;default&#8220; type=&#8220;4_4&#8243;][et_pb_video src=&#8220;https:\/\/ctfrimorchi.it\/wp-content\/uploads\/2025\/03\/CTF-Video-Aziendale-v02.mp4&#8243; _builder_version=&#8220;4.27.4&#8243; _module_preset=&#8220;default&#8220; title_text=&#8220;CTF Rimorchi-Anteprima video aziendale&#8220; image_src=&#8220;https:\/\/ctfrimorchi.it\/wp-content\/uploads\/2025\/03\/CTF-Rimorchi-Anteprima-video-aziendale.webp&#8220; hover_enabled=&#8220;0&#8243; sticky_enabled=&#8220;0&#8243;][\/et_pb_video][\/et_pb_column][\/et_pb_row][et_pb_row column_structure=&#8220;1_2,1_2&#8243; _builder_version=&#8220;4.27.4&#8243; _module_preset=&#8220;default&#8220; global_colors_info=&#8220;{}&#8220;][et_pb_column type=&#8220;1_2&#8243; _builder_version=&#8220;4.27.4&#8243; _module_preset=&#8220;default&#8220; global_colors_info=&#8220;{}&#8220;][et_pb_image src=&#8220;https:\/\/www.ctfrimorchi.it\/wp-content\/uploads\/2025\/01\/CTF-Rimorchi-Carpenteria-Consolandi-Azienda-Dettaglio-rimorchio.webp&#8220; force_fullwidth=&#8220;on&#8220; _builder_version=&#8220;4.27.4&#8243; _module_preset=&#8220;default&#8220; global_colors_info=&#8220;{}&#8220;][\/et_pb_image][\/et_pb_column][et_pb_column type=&#8220;1_2&#8243; _builder_version=&#8220;4.27.4&#8243; _module_preset=&#8220;default&#8220; global_colors_info=&#8220;{}&#8220;][et_pb_text _builder_version=&#8220;4.27.4&#8243; _module_preset=&#8220;default&#8220; global_colors_info=&#8220;{}&#8220;]<\/p>\n<p>Der Anh\u00e4nger ist der stille Reisebegleiter, der es Ihnen erm\u00f6glicht, Ihre Ziele zu erreichen und Momente der puren Entspannung zu genie\u00dfen. Er erm\u00f6glicht es Ihrem Boot, Sie im Urlaub zu begleiten und wird oft als selbstverst\u00e4ndlich angesehen.<br \/>Die wahre Qualit\u00e4t eines Anh\u00e4ngers erkennt man daran, dass man seine Anwesenheit vergisst: Wenn er keine Probleme verursacht, erf\u00fcllt er seinen Zweck.<br \/>Die Wahl des Anh\u00e4ngers ist daher genauso wichtig wie die Wahl Ihres Motors oder Bootes. Vertrauen Sie auf Profis mit \u00fcber 25 Jahren Erfahrung in dieser Branche.  <\/p>\n<p>[\/et_pb_text][\/et_pb_column][\/et_pb_row][\/et_pb_section][et_pb_section fb_built=&#8220;1&#8243; _builder_version=&#8220;4.27.4&#8243; _module_preset=&#8220;default&#8220; background_image=&#8220;https:\/\/www.ctfrimorchi.it\/wp-content\/uploads\/2025\/01\/CTF-Rimorchi-Testata-1.webp&#8220; global_colors_info=&#8220;{}&#8220;][et_pb_row _builder_version=&#8220;4.27.4&#8243; _module_preset=&#8220;default&#8220; global_colors_info=&#8220;{}&#8220;][et_pb_column type=&#8220;4_4&#8243; _builder_version=&#8220;4.27.4&#8243; _module_preset=&#8220;default&#8220; global_colors_info=&#8220;{}&#8220;][et_pb_text _builder_version=&#8220;4.27.4&#8243; _module_preset=&#8220;default&#8220; text_font=&#8220;|300|||||||&#8220; text_font_size=&#8220;24px&#8220; background_layout=&#8220;dark&#8220; global_colors_info=&#8220;{}&#8220;]<strong><span style=\"color: #ff0000; font-size: 64px;\">27<\/span> <\/strong>Modelle <\/p>\n<p><span style=\"color: #ff0000; font-size: 64px;\"><strong>67<\/strong><\/span>Lade-L\u00e4ngen <\/p>\n<p><span style=\"color: #ff0000; font-size: 64px;\"><strong>391<\/strong><\/span>Abstufungsoptionen[\/et_pb_text][\/et_pb_column][\/et_pb_row][et_pb_row _builder_version=&#8220;4.27.4&#8243; _module_preset=&#8220;default&#8220; global_colors_info=&#8220;{}&#8220;][et_pb_column type=&#8220;4_4&#8243; _builder_version=&#8220;4.27.4&#8243; _module_preset=&#8220;default&#8220; global_colors_info=&#8220;{}&#8220;][et_pb_text _builder_version=&#8220;4.27.4&#8243; _module_preset=&#8220;default&#8220; text_font=&#8220;|300|||||||&#8220; text_font_size=&#8220;24px&#8220; background_layout=&#8220;dark&#8220; global_colors_info=&#8220;{}&#8220;]<\/p>\n<p>Alles verf\u00fcgbar in zwei verschiedenen Arten von R\u00fcckleuchten:<\/p>\n<ul>\n<li>Aluminium-Lichttafel<\/li>\n<li>Feste LED-Leuchten auf Aluminiumhalterungen montiert<\/li>\n<\/ul>\n<p>Ihre Wahl zum Greifen nah<\/p>\n<p>[\/et_pb_text][\/et_pb_column][\/et_pb_row][\/et_pb_section][et_pb_section fb_built=&#8220;1&#8243; _builder_version=&#8220;4.27.4&#8243; _module_preset=&#8220;default&#8220; global_colors_info=&#8220;{}&#8220;][et_pb_row _builder_version=&#8220;4.27.4&#8243; _module_preset=&#8220;default&#8220; global_module=&#8220;5430&#8243; global_colors_info=&#8220;{}&#8220;][et_pb_column type=&#8220;4_4&#8243; _builder_version=&#8220;4.27.4&#8243; _module_preset=&#8220;default&#8220; global_colors_info=&#8220;{}&#8220;][et_pb_heading title=&#8220;Kontaktieren Sie uns&#8220; _builder_version=&#8220;4.27.4&#8243; _module_preset=&#8220;default&#8220; title_level=&#8220;h2&#8243; global_colors_info=&#8220;{}&#8220;][\/et_pb_heading][dsm_contact_form_7 cf7_library=&#8220;5417&#8243; show_validation=&#8220;on&#8220; button_alignment=&#8220;right&#8220; _builder_version=&#8220;4.27.4&#8243; _module_preset=&#8220;default&#8220; labels_font_size=&#8220;18px&#8220; input_textarea_select_font_size=&#8220;18px&#8220; date_field_font_size=&#8220;18px&#8220; placeholder_font_size=&#8220;18px&#8220; radio_checkbox_font_size=&#8220;18px&#8220; error_msg_font_size=&#8220;18px&#8220; error_validation_font_size=&#8220;18px&#8220; success_validation_font_size=&#8220;18px&#8220; custom_button_one=&#8220;on&#8220; button_one_text_color=&#8220;#FFFFFF&#8220; global_colors_info=&#8220;{}&#8220;][\/dsm_contact_form_7][\/et_pb_column][\/et_pb_row][\/et_pb_section]<\/p>\n","protected":false},"excerpt":{"rendered":"<p>CTF srl entstand aus dem Zusammentreffen scheinbar sehr unterschiedlicher, aber au\u00dferordentlich komplement\u00e4rer Kompetenzen. Die mit modernsten Technologien und Maschinen ausgestattete Produktionsst\u00e4tte und die qualifizierte Expertise im Bereich der Anh\u00e4ngerproduktion haben sich zur Gr\u00fcndung der CTF srl vereint. Unsere Anh\u00e4nger sind das Ergebnis der Technologien unserer Gruppe und zeichnen sich durch moderne Innovationen aus, die entwickelt wurden, um dem Kunden die bestm\u00f6gliche Erfahrung zu garantieren.Der Anh\u00e4nger ist der stille Reisebegleiter, der es Ihnen erm\u00f6glicht, Ihre Ziele zu erreichen und Momente der puren Entspannung zu genie\u00dfen. Er erm\u00f6glicht es Ihrem Boot, Sie im Urlaub zu begleiten und wird oft als selbstverst\u00e4ndlich angesehen.Die wahre Qualit\u00e4t eines Anh\u00e4ngers erkennt man daran, dass man seine Anwesenheit vergisst: Wenn er keine Probleme verursacht, erf\u00fcllt er seinen Zweck.Die Wahl des Anh\u00e4ngers ist daher genauso wichtig wie die Wahl Ihres Motors oder Bootes. Vertrauen Sie auf Profis mit \u00fcber 25 Jahren Erfahrung in dieser Branche. 27 Modelle 67Lade-L\u00e4ngen 391AbstufungsoptionenAlles verf\u00fcgbar in zwei verschiedenen Arten von R\u00fcckleuchten: Aluminium-Lichttafel Feste LED-Leuchten auf Aluminiumhalterungen montiert Ihre Wahl zum Greifen nah<div class=\"et_pb_module dsm_contact_form_7 dsm_contact_form_7_0\">\n\t\t\t\t\n\t\t\t\t\n\t\t\t\t\n\t\t\t\t\n\t\t\t\t\n\t\t\t\t\n\t\t\t\t<div class=\"et_pb_module_inner\">\n\t\t\t\t\t<div class=\"\">\n\t\t\t\t\n<div class=\"wpcf7 no-js\" id=\"wpcf7-f5719-o1\" lang=\"de-DE\" dir=\"ltr\" data-wpcf7-id=\"5719\">\n<div class=\"screen-reader-response\"><p role=\"status\" aria-live=\"polite\" aria-atomic=\"true\"><\/p> <ul><\/ul><\/div>\n<form action=\"\/de\/wp-json\/wp\/v2\/pages\/5668#wpcf7-f5719-o1\" method=\"post\" class=\"wpcf7-form init\" aria-label=\"Kontaktformular\" novalidate=\"novalidate\" data-status=\"init\">\n<fieldset class=\"hidden-fields-container\"><input type=\"hidden\" name=\"_wpcf7\" value=\"5719\" \/><input type=\"hidden\" name=\"_wpcf7_version\" value=\"6.1.5\" \/><input type=\"hidden\" name=\"_wpcf7_locale\" value=\"de_DE\" \/><input type=\"hidden\" name=\"_wpcf7_unit_tag\" value=\"wpcf7-f5719-o1\" \/><input type=\"hidden\" name=\"_wpcf7_container_post\" value=\"0\" \/><input type=\"hidden\" name=\"_wpcf7_posted_data_hash\" value=\"\" \/><input type=\"hidden\" name=\"_wpcf7_recaptcha_response\" value=\"\" \/>\n<\/fieldset>\n<div id=\"responsive-form\" class=\"clearfix\">\n\t<div class=\"form-row\">\n\t\t<div class=\"column-half\">\n\t\t\t<p><span class=\"wpcf7-form-control-wrap\" data-name=\"your-name\"><input size=\"40\" maxlength=\"400\" class=\"wpcf7-form-control wpcf7-text\" aria-invalid=\"false\" placeholder=\"Ihr Name\" value=\"\" type=\"text\" name=\"your-name\" \/><\/span>\n\t\t\t<\/p>\n\t\t<\/div>\n\t\t<div class=\"column-half\">\n\t\t\t<p><span class=\"wpcf7-form-control-wrap\" data-name=\"your-email\"><input size=\"40\" maxlength=\"400\" class=\"wpcf7-form-control wpcf7-email wpcf7-validates-as-required wpcf7-text wpcf7-validates-as-email\" aria-required=\"true\" aria-invalid=\"false\" placeholder=\"Ihre E-Mail\" value=\"\" type=\"email\" name=\"your-email\" \/><\/span>\n\t\t\t<\/p>\n\t\t<\/div>\n\t<\/div>\n\t<div class=\"form-row\">\n\t\t<div class=\"column-full\">\n\t\t\t<p><span class=\"wpcf7-form-control-wrap\" data-name=\"your-message\"><textarea cols=\"40\" rows=\"10\" maxlength=\"2000\" class=\"wpcf7-form-control wpcf7-textarea\" aria-invalid=\"false\" placeholder=\"Ihre Nachricht\" name=\"your-message\"><\/textarea><\/span>\n\t\t\t<\/p>\n\t\t<\/div>\n\t<\/div>\n\t<div class=\"form-row\">\n\t\t<div class=\"column-full\">\n\t\t\t<p><button class=\"wpcf7-form-control wpcf7-submit has-spinner et_pb_button et_pb_bg_layout_light\" type=\"submit\" value=\"Schicken\">Schicken<\/button>\n\t\t\t<\/p>\n\t\t<\/div>\n\t<\/div>\n<\/div><div class=\"wpcf7-response-output\" aria-hidden=\"true\"><\/div>\n<\/form>\n<\/div>\n\n\t\t\t<\/div>\n\t\t\t\t<\/div>\n\t\t\t<\/div><\/p>\n","protected":false},"author":1,"featured_media":0,"parent":0,"menu_order":0,"comment_status":"closed","ping_status":"closed","template":"","meta":{"_et_pb_use_builder":"on","_et_pb_old_content":"","_et_gb_content_width":"","footnotes":""},"categories":[],"tags":[],"class_list":["post-5668","page","type-page","status-publish","hentry"],"yoast_head":"<!-- This site is optimized with the Yoast SEO plugin v27.2 - https:\/\/yoast.com\/product\/yoast-seo-wordpress\/ -->\n<title>Agentur - CTF<\/title>\n<meta name=\"robots\" content=\"index, follow, max-snippet:-1, max-image-preview:large, max-video-preview:-1\" \/>\n<link rel=\"canonical\" href=\"https:\/\/ctfrimorchi.it\/de\/agentur\/\" \/>\n<meta property=\"og:locale\" content=\"de_DE\" \/>\n<meta property=\"og:type\" content=\"article\" \/>\n<meta property=\"og:title\" content=\"Agentur - CTF\" \/>\n<meta property=\"og:description\" content=\"CTF srl entstand aus dem Zusammentreffen scheinbar sehr unterschiedlicher, aber au\u00dferordentlich komplement\u00e4rer Kompetenzen. Die mit modernsten Technologien und Maschinen ausgestattete Produktionsst\u00e4tte und die qualifizierte Expertise im Bereich der Anh\u00e4ngerproduktion haben sich zur Gr\u00fcndung der CTF srl vereint. Unsere Anh\u00e4nger sind das Ergebnis der Technologien unserer Gruppe und zeichnen sich durch moderne Innovationen aus, die entwickelt wurden, um dem Kunden die bestm\u00f6gliche Erfahrung zu garantieren.Der Anh\u00e4nger ist der stille Reisebegleiter, der es Ihnen erm\u00f6glicht, Ihre Ziele zu erreichen und Momente der puren Entspannung zu genie\u00dfen. Er erm\u00f6glicht es Ihrem Boot, Sie im Urlaub zu begleiten und wird oft als selbstverst\u00e4ndlich angesehen.Die wahre Qualit\u00e4t eines Anh\u00e4ngers erkennt man daran, dass man seine Anwesenheit vergisst: Wenn er keine Probleme verursacht, erf\u00fcllt er seinen Zweck.Die Wahl des Anh\u00e4ngers ist daher genauso wichtig wie die Wahl Ihres Motors oder Bootes. Vertrauen Sie auf Profis mit \u00fcber 25 Jahren Erfahrung in dieser Branche. 27 Modelle 67Lade-L\u00e4ngen 391AbstufungsoptionenAlles verf\u00fcgbar in zwei verschiedenen Arten von R\u00fcckleuchten: Aluminium-Lichttafel Feste LED-Leuchten auf Aluminiumhalterungen montiert Ihre Wahl zum Greifen nah\" \/>\n<meta property=\"og:url\" content=\"https:\/\/ctfrimorchi.it\/de\/agentur\/\" \/>\n<meta property=\"og:site_name\" content=\"CTF\" \/>\n<meta property=\"article:modified_time\" content=\"2025-03-03T13:40:29+00:00\" \/>\n<meta name=\"twitter:card\" content=\"summary_large_image\" \/>\n<meta name=\"twitter:label1\" content=\"Gesch\u00e4tzte Lesezeit\" \/>\n\t<meta name=\"twitter:data1\" content=\"5\u00a0Minuten\" \/>\n<script type=\"application\/ld+json\" class=\"yoast-schema-graph\">{\"@context\":\"https:\/\/schema.org\",\"@graph\":[{\"@type\":\"WebPage\",\"@id\":\"https:\/\/ctfrimorchi.it\/de\/agentur\/\",\"url\":\"https:\/\/ctfrimorchi.it\/de\/agentur\/\",\"name\":\"Agentur - CTF\",\"isPartOf\":{\"@id\":\"https:\/\/ctfrimorchi.it\/de\/#website\"},\"datePublished\":\"2025-01-29T11:17:10+00:00\",\"dateModified\":\"2025-03-03T13:40:29+00:00\",\"breadcrumb\":{\"@id\":\"https:\/\/ctfrimorchi.it\/de\/agentur\/#breadcrumb\"},\"inLanguage\":\"de\",\"potentialAction\":[{\"@type\":\"ReadAction\",\"target\":[\"https:\/\/ctfrimorchi.it\/de\/agentur\/\"]}]},{\"@type\":\"BreadcrumbList\",\"@id\":\"https:\/\/ctfrimorchi.it\/de\/agentur\/#breadcrumb\",\"itemListElement\":[{\"@type\":\"ListItem\",\"position\":1,\"name\":\"Home\",\"item\":\"https:\/\/ctfrimorchi.it\/de\/homepage\/\"},{\"@type\":\"ListItem\",\"position\":2,\"name\":\"Agentur\"}]},{\"@type\":\"WebSite\",\"@id\":\"https:\/\/ctfrimorchi.it\/de\/#website\",\"url\":\"https:\/\/ctfrimorchi.it\/de\/\",\"name\":\"CTF\",\"description\":\"Rimorchi\",\"potentialAction\":[{\"@type\":\"SearchAction\",\"target\":{\"@type\":\"EntryPoint\",\"urlTemplate\":\"https:\/\/ctfrimorchi.it\/de\/?s={search_term_string}\"},\"query-input\":{\"@type\":\"PropertyValueSpecification\",\"valueRequired\":true,\"valueName\":\"search_term_string\"}}],\"inLanguage\":\"de\"}]}<\/script>\n<!-- \/ Yoast SEO plugin. -->","yoast_head_json":{"title":"Agentur - CTF","robots":{"index":"index","follow":"follow","max-snippet":"max-snippet:-1","max-image-preview":"max-image-preview:large","max-video-preview":"max-video-preview:-1"},"canonical":"https:\/\/ctfrimorchi.it\/de\/agentur\/","og_locale":"de_DE","og_type":"article","og_title":"Agentur - CTF","og_description":"CTF srl entstand aus dem Zusammentreffen scheinbar sehr unterschiedlicher, aber au\u00dferordentlich komplement\u00e4rer Kompetenzen. Die mit modernsten Technologien und Maschinen ausgestattete Produktionsst\u00e4tte und die qualifizierte Expertise im Bereich der Anh\u00e4ngerproduktion haben sich zur Gr\u00fcndung der CTF srl vereint. Unsere Anh\u00e4nger sind das Ergebnis der Technologien unserer Gruppe und zeichnen sich durch moderne Innovationen aus, die entwickelt wurden, um dem Kunden die bestm\u00f6gliche Erfahrung zu garantieren.Der Anh\u00e4nger ist der stille Reisebegleiter, der es Ihnen erm\u00f6glicht, Ihre Ziele zu erreichen und Momente der puren Entspannung zu genie\u00dfen. Er erm\u00f6glicht es Ihrem Boot, Sie im Urlaub zu begleiten und wird oft als selbstverst\u00e4ndlich angesehen.Die wahre Qualit\u00e4t eines Anh\u00e4ngers erkennt man daran, dass man seine Anwesenheit vergisst: Wenn er keine Probleme verursacht, erf\u00fcllt er seinen Zweck.Die Wahl des Anh\u00e4ngers ist daher genauso wichtig wie die Wahl Ihres Motors oder Bootes. Vertrauen Sie auf Profis mit \u00fcber 25 Jahren Erfahrung in dieser Branche. 27 Modelle 67Lade-L\u00e4ngen 391AbstufungsoptionenAlles verf\u00fcgbar in zwei verschiedenen Arten von R\u00fcckleuchten: Aluminium-Lichttafel Feste LED-Leuchten auf Aluminiumhalterungen montiert Ihre Wahl zum Greifen nah","og_url":"https:\/\/ctfrimorchi.it\/de\/agentur\/","og_site_name":"CTF","article_modified_time":"2025-03-03T13:40:29+00:00","twitter_card":"summary_large_image","twitter_misc":{"Gesch\u00e4tzte Lesezeit":"5\u00a0Minuten"},"schema":{"@context":"https:\/\/schema.org","@graph":[{"@type":"WebPage","@id":"https:\/\/ctfrimorchi.it\/de\/agentur\/","url":"https:\/\/ctfrimorchi.it\/de\/agentur\/","name":"Agentur - CTF","isPartOf":{"@id":"https:\/\/ctfrimorchi.it\/de\/#website"},"datePublished":"2025-01-29T11:17:10+00:00","dateModified":"2025-03-03T13:40:29+00:00","breadcrumb":{"@id":"https:\/\/ctfrimorchi.it\/de\/agentur\/#breadcrumb"},"inLanguage":"de","potentialAction":[{"@type":"ReadAction","target":["https:\/\/ctfrimorchi.it\/de\/agentur\/"]}]},{"@type":"BreadcrumbList","@id":"https:\/\/ctfrimorchi.it\/de\/agentur\/#breadcrumb","itemListElement":[{"@type":"ListItem","position":1,"name":"Home","item":"https:\/\/ctfrimorchi.it\/de\/homepage\/"},{"@type":"ListItem","position":2,"name":"Agentur"}]},{"@type":"WebSite","@id":"https:\/\/ctfrimorchi.it\/de\/#website","url":"https:\/\/ctfrimorchi.it\/de\/","name":"CTF","description":"Rimorchi","potentialAction":[{"@type":"SearchAction","target":{"@type":"EntryPoint","urlTemplate":"https:\/\/ctfrimorchi.it\/de\/?s={search_term_string}"},"query-input":{"@type":"PropertyValueSpecification","valueRequired":true,"valueName":"search_term_string"}}],"inLanguage":"de"}]}},"_links":{"self":[{"href":"https:\/\/ctfrimorchi.it\/de\/wp-json\/wp\/v2\/pages\/5668","targetHints":{"allow":["GET"]}}],"collection":[{"href":"https:\/\/ctfrimorchi.it\/de\/wp-json\/wp\/v2\/pages"}],"about":[{"href":"https:\/\/ctfrimorchi.it\/de\/wp-json\/wp\/v2\/types\/page"}],"author":[{"embeddable":true,"href":"https:\/\/ctfrimorchi.it\/de\/wp-json\/wp\/v2\/users\/1"}],"replies":[{"embeddable":true,"href":"https:\/\/ctfrimorchi.it\/de\/wp-json\/wp\/v2\/comments?post=5668"}],"version-history":[{"count":5,"href":"https:\/\/ctfrimorchi.it\/de\/wp-json\/wp\/v2\/pages\/5668\/revisions"}],"predecessor-version":[{"id":5842,"href":"https:\/\/ctfrimorchi.it\/de\/wp-json\/wp\/v2\/pages\/5668\/revisions\/5842"}],"wp:attachment":[{"href":"https:\/\/ctfrimorchi.it\/de\/wp-json\/wp\/v2\/media?parent=5668"}],"wp:term":[{"taxonomy":"category","embeddable":true,"href":"https:\/\/ctfrimorchi.it\/de\/wp-json\/wp\/v2\/categories?post=5668"},{"taxonomy":"post_tag","embeddable":true,"href":"https:\/\/ctfrimorchi.it\/de\/wp-json\/wp\/v2\/tags?post=5668"}],"curies":[{"name":"wp","href":"https:\/\/api.w.org\/{rel}","templated":true}]}}